{"id":722,"date":"2025-03-15T19:45:01","date_gmt":"2025-03-15T19:45:01","guid":{"rendered":"https:\/\/lustralfest.com\/erreichbarkeit\/"},"modified":"2025-09-29T19:55:00","modified_gmt":"2025-09-29T18:55:00","slug":"nachhaltigkeit","status":"publish","type":"page","link":"https:\/\/lapalmablueexperience.com\/de\/nachhaltigkeit\/","title":{"rendered":"Nachhaltigkeit"},"content":{"rendered":"\t\t<div data-elementor-type=\"wp-page\" data-elementor-id=\"722\" class=\"elementor elementor-722 elementor-13\" data-elementor-post-type=\"page\">\n\t\t\t\t\t\t<section class=\"elementor-section elementor-top-section elementor-element elementor-element-f62a5ae elementor-section-stretched elementor-section-boxed elementor-section-height-default elementor-section-height-default\" data-id=\"f62a5ae\" data-element_type=\"section\" data-settings=\"{&quot;background_background&quot;:&quot;classic&quot;,&quot;stretch_section&quot;:&quot;section-stretched&quot;,&quot;shape_divider_top&quot;:&quot;pyramids&quot;}\">\n\t\t\t\t\t\t\t<div class=\"elementor-background-overlay\"><\/div>\n\t\t\t\t\t\t<div class=\"elementor-shape elementor-shape-top\" aria-hidden=\"true\" data-negative=\"false\">\n\t\t\t<svg xmlns=\"http:\/\/www.w3.org\/2000\/svg\" viewBox=\"0 0 1000 100\" preserveAspectRatio=\"none\">\n\t<path class=\"elementor-shape-fill\" d=\"M761.9,44.1L643.1,27.2L333.8,98L0,3.8V0l1000,0v3.9\"\/>\n<\/svg>\t\t<\/div>\n\t\t\t\t\t<div class=\"elementor-container elementor-column-gap-no\">\n\t\t\t\t\t<div class=\"elementor-column elementor-col-100 elementor-top-column elementor-element elementor-element-e927744\" data-id=\"e927744\" data-element_type=\"column\">\n\t\t\t<div class=\"elementor-widget-wrap elementor-element-populated\">\n\t\t\t\t<div class=\"elementor-element elementor-element-8cdf872 e-con-full e-flex e-con e-parent\" data-id=\"8cdf872\" data-element_type=\"container\">\n\t\t<div class=\"elementor-element elementor-element-61224c0 e-con-full e-flex e-con e-child\" data-id=\"61224c0\" data-element_type=\"container\" data-settings=\"{&quot;background_background&quot;:&quot;classic&quot;}\">\n\t\t\t\t<div class=\"elementor-element elementor-element-6006607 elementor-widget elementor-widget-image\" data-id=\"6006607\" data-element_type=\"widget\" data-widget_type=\"image.default\">\n\t\t\t\t<div class=\"elementor-widget-container\">\n\t\t\t\t\t\t\t\t\t\t\t\t\t\t\t<img decoding=\"async\" width=\"300\" height=\"115\" src=\"https:\/\/lapalmablueexperience.com\/wp-content\/uploads\/2025\/03\/LaPalmaBlueExperience_logo-300x115.png\" class=\"attachment-medium size-medium wp-image-1444\" alt=\"\" srcset=\"https:\/\/lapalmablueexperience.com\/wp-content\/uploads\/2025\/03\/LaPalmaBlueExperience_logo-300x115.png 300w, https:\/\/lapalmablueexperience.com\/wp-content\/uploads\/2025\/03\/LaPalmaBlueExperience_logo-1024x392.png 1024w, https:\/\/lapalmablueexperience.com\/wp-content\/uploads\/2025\/03\/LaPalmaBlueExperience_logo-768x294.png 768w, https:\/\/lapalmablueexperience.com\/wp-content\/uploads\/2025\/03\/LaPalmaBlueExperience_logo-1536x588.png 1536w, https:\/\/lapalmablueexperience.com\/wp-content\/uploads\/2025\/03\/LaPalmaBlueExperience_logo.png 1577w\" sizes=\"(max-width: 300px) 100vw, 300px\" \/>\t\t\t\t\t\t\t\t\t\t\t\t\t\t\t<\/div>\n\t\t\t\t<\/div>\n\t\t\t\t<div class=\"elementor-element elementor-element-19986de animated-slow elementor-widget elementor-widget-heading\" data-id=\"19986de\" data-element_type=\"widget\" data-settings=\"{&quot;_animation&quot;:&quot;none&quot;}\" data-widget_type=\"heading.default\">\n\t\t\t\t<div class=\"elementor-widget-container\">\n\t\t\t\t\t<h2 class=\"elementor-heading-title elementor-size-default\">Nachhaltigkeitspolitik<\/h2>\t\t\t\t<\/div>\n\t\t\t\t<\/div>\n\t\t\t\t<\/div>\n\t\t<div class=\"elementor-element elementor-element-f482631 e-con-full e-flex elementor-invisible e-con e-child\" data-id=\"f482631\" data-element_type=\"container\" data-settings=\"{&quot;background_background&quot;:&quot;classic&quot;,&quot;animation&quot;:&quot;fadeInRight&quot;}\">\n\t\t\t\t<div class=\"elementor-element elementor-element-1b17723 elementor-widget elementor-widget-text-editor\" data-id=\"1b17723\" data-element_type=\"widget\" data-widget_type=\"text-editor.default\">\n\t\t\t\t<div class=\"elementor-widget-container\">\n\t\t\t\t\t\t\t\t\t<p>Wir bei <strong>LA PALMA BLUE<\/strong> sind uns bewusst, dass wir trotz der Kurzlebigkeit der Veranstaltung Auswirkungen auf die Umwelt haben k\u00f6nnen. Deshalb haben wir sie unter Ber\u00fccksichtigung der Werte der Nachhaltigkeit geplant und entwickelt und teilen ihr Engagement f\u00fcr die Ziele der nachhaltigen Entwicklung (SDGs).<\/p><p>Deshalb werben wir mit diesem Festival f\u00fcr die Insel La Palma, um bewusste Touristen anzulocken, die die Natur genie\u00dfen, die Kultur der Insel kennenlernen und Erfahrungen austauschen m\u00f6chten, w\u00e4hrend sie gute Musik genie\u00dfen \u2013 als weiterer Kanal f\u00fcr Nachhaltigkeit und die blaue Wirtschaft.<\/p><p><strong>LA PALMA BLUE<\/strong> h\u00e4lt daher an seiner Nachhaltigkeitspolitik in allen Phasen (vor, w\u00e4hrend und nach der Veranstaltung) fest, um:<\/p><ul><li>Die Einhaltung der geltenden gesetzlichen Bestimmungen und anderer von der Organisation festgelegter Aspekte sicherstellen.<\/li><li>Vermeidung von Umweltverschmutzung durch Betriebsabl\u00e4ufe und Aktivit\u00e4ten.<\/li><li>Verbesserung der Erfahrung und Zufriedenheit sowohl des Publikums als auch der Mitarbeiter und Sponsoren.<\/li><li>Entwicklung eines bewussten Kulturtourismus, der lokale Identit\u00e4ten und die biologische Vielfalt der Landschaften wertsch\u00e4tzt und Verantwortung f\u00fcr die Auswirkungen \u00fcbernimmt, die ein Besuch auf der Insel mit sich bringt.<\/li><li>Transparenz und Kommunikation gegen\u00fcber allen Beteiligten gew\u00e4hrleisten.<\/li><li>Die erzielten Ergebnisse bewerten und alle ihnen zur Verf\u00fcgung stehenden Ma\u00dfnahmen zur Minimierung der verursachten Auswirkungen f\u00f6rdern, um eine kontinuierliche Verbesserung zu erreichen.<\/li><\/ul>\t\t\t\t\t\t\t\t<\/div>\n\t\t\t\t<\/div>\n\t\t\t\t<\/div>\n\t\t\t\t<\/div>\n\t\t\t\t\t<\/div>\n\t\t<\/div>\n\t\t\t\t\t<\/div>\n\t\t<\/section>\n\t\t<div class=\"elementor-element elementor-element-931280d e-flex e-con-boxed e-con e-parent\" data-id=\"931280d\" data-element_type=\"container\">\n\t\t\t\t\t<div class=\"e-con-inner\">\n\t\t\t\t<div class=\"elementor-element elementor-element-0f428e7 elementor-widget__width-inherit elementor-widget elementor-widget-heading\" data-id=\"0f428e7\" data-element_type=\"widget\" data-widget_type=\"heading.default\">\n\t\t\t\t<div class=\"elementor-widget-container\">\n\t\t\t\t\t<h4 class=\"elementor-heading-title elementor-size-default\">ZU UNSEREN WICHTIGSTEN MASSNAHMEN GEH\u00d6REN<\/h4>\t\t\t\t<\/div>\n\t\t\t\t<\/div>\n\t\t\t\t<div class=\"elementor-element elementor-element-f82ec62 elementor-invisible elementor-widget elementor-widget-icon-box\" data-id=\"f82ec62\" data-element_type=\"widget\" data-settings=\"{&quot;_animation&quot;:&quot;fadeInLeft&quot;}\" data-widget_type=\"icon-box.default\">\n\t\t\t\t<div class=\"elementor-widget-container\">\n\t\t\t\t\t\t\t<div class=\"elementor-icon-box-wrapper\">\n\n\t\t\t\n\t\t\t\t\t\t<div class=\"elementor-icon-box-content\">\n\n\t\t\t\t\t\t\t\t\t<p class=\"elementor-icon-box-title\">\n\t\t\t\t\t\t<span  >\n\t\t\t\t\t\t\t1\t\t\t\t\t\t<\/span>\n\t\t\t\t\t<\/p>\n\t\t\t\t\n\t\t\t\t\t\t\t\t\t<p class=\"elementor-icon-box-description\">\n\t\t\t\t\t\tDie F\u00f6rderung der Ressourcen und des Potenzials von La Palma als Reiseziel.\t\t\t\t\t<\/p>\n\t\t\t\t\n\t\t\t<\/div>\n\t\t\t\n\t\t<\/div>\n\t\t\t\t\t\t<\/div>\n\t\t\t\t<\/div>\n\t\t\t\t<div class=\"elementor-element elementor-element-7c412f2 elementor-invisible elementor-widget elementor-widget-icon-box\" data-id=\"7c412f2\" data-element_type=\"widget\" data-settings=\"{&quot;_animation&quot;:&quot;fadeInLeft&quot;}\" data-widget_type=\"icon-box.default\">\n\t\t\t\t<div class=\"elementor-widget-container\">\n\t\t\t\t\t\t\t<div class=\"elementor-icon-box-wrapper\">\n\n\t\t\t\n\t\t\t\t\t\t<div class=\"elementor-icon-box-content\">\n\n\t\t\t\t\t\t\t\t\t<h4 class=\"elementor-icon-box-title\">\n\t\t\t\t\t\t<span  >\n\t\t\t\t\t\t\t2\t\t\t\t\t\t<\/span>\n\t\t\t\t\t<\/h4>\n\t\t\t\t\n\t\t\t\t\t\t\t\t\t<p class=\"elementor-icon-box-description\">\n\t\t\t\t\t\tDer Abfallbewirtschaftungsplan mit getrennter M\u00fcllsammlung und exklusivem Transport erm\u00f6glicht die R\u00fcckverfolgbarkeit f\u00fcr das anschlie\u00dfende Recycling und die Kompostierung.\t\t\t\t\t<\/p>\n\t\t\t\t\n\t\t\t<\/div>\n\t\t\t\n\t\t<\/div>\n\t\t\t\t\t\t<\/div>\n\t\t\t\t<\/div>\n\t\t\t\t<div class=\"elementor-element elementor-element-bbf8603 elementor-invisible elementor-widget elementor-widget-icon-box\" data-id=\"bbf8603\" data-element_type=\"widget\" data-settings=\"{&quot;_animation&quot;:&quot;fadeInLeft&quot;}\" data-widget_type=\"icon-box.default\">\n\t\t\t\t<div class=\"elementor-widget-container\">\n\t\t\t\t\t\t\t<div class=\"elementor-icon-box-wrapper\">\n\n\t\t\t\n\t\t\t\t\t\t<div class=\"elementor-icon-box-content\">\n\n\t\t\t\t\t\t\t\t\t<p class=\"elementor-icon-box-title\">\n\t\t\t\t\t\t<span  >\n\t\t\t\t\t\t\t3\t\t\t\t\t\t<\/span>\n\t\t\t\t\t<\/p>\n\t\t\t\t\n\t\t\t\t\t\t\t\t\t<p class=\"elementor-icon-box-description\">\n\t\t\t\t\t\tDie F\u00f6rderung nachhaltiger Mobilit\u00e4t und die Berechnung des CO2-Fu\u00dfabdrucks, unter anderem.\t\t\t\t\t<\/p>\n\t\t\t\t\n\t\t\t<\/div>\n\t\t\t\n\t\t<\/div>\n\t\t\t\t\t\t<\/div>\n\t\t\t\t<\/div>\n\t\t\t\t<div class=\"elementor-element elementor-element-9329414 elementor-invisible elementor-widget elementor-widget-icon-box\" data-id=\"9329414\" data-element_type=\"widget\" data-settings=\"{&quot;_animation&quot;:&quot;fadeInLeft&quot;}\" data-widget_type=\"icon-box.default\">\n\t\t\t\t<div class=\"elementor-widget-container\">\n\t\t\t\t\t\t\t<div class=\"elementor-icon-box-wrapper\">\n\n\t\t\t\n\t\t\t\t\t\t<div class=\"elementor-icon-box-content\">\n\n\t\t\t\t\t\t\t\t\t<h4 class=\"elementor-icon-box-title\">\n\t\t\t\t\t\t<span  >\n\t\t\t\t\t\t\t4\t\t\t\t\t\t<\/span>\n\t\t\t\t\t<\/h4>\n\t\t\t\t\n\t\t\t\t\t\t\t\t\t<p class=\"elementor-icon-box-description\">\n\t\t\t\t\t\tDie St\u00e4rkung der blauen Wirtschaft\t\t\t\t\t<\/p>\n\t\t\t\t\n\t\t\t<\/div>\n\t\t\t\n\t\t<\/div>\n\t\t\t\t\t\t<\/div>\n\t\t\t\t<\/div>\n\t\t\t\t<div class=\"elementor-element elementor-element-d30f3e8 elementor-widget__width-inherit elementor-widget elementor-widget-heading\" data-id=\"d30f3e8\" data-element_type=\"widget\" data-widget_type=\"heading.default\">\n\t\t\t\t<div class=\"elementor-widget-container\">\n\t\t\t\t\t<h4 class=\"elementor-heading-title elementor-size-default\">Interessante Links<\/h4>\t\t\t\t<\/div>\n\t\t\t\t<\/div>\n\t\t\t\t\t<\/div>\n\t\t\t\t<\/div>\n\t\t<div class=\"elementor-element elementor-element-dbdd89c e-flex e-con-boxed elementor-invisible e-con e-parent\" data-id=\"dbdd89c\" data-element_type=\"container\" data-settings=\"{&quot;animation&quot;:&quot;fadeInUp&quot;}\">\n\t\t\t\t\t<div class=\"e-con-inner\">\n\t\t<div class=\"elementor-element elementor-element-e8e2406 e-con-full e-flex e-con e-child\" data-id=\"e8e2406\" data-element_type=\"container\">\n\t\t\t\t<div class=\"elementor-element elementor-element-c36269e elementor-view-stacked elementor-shape-rounded elementor-position-block-start elementor-mobile-position-block-start elementor-widget elementor-widget-icon-box\" data-id=\"c36269e\" data-element_type=\"widget\" data-widget_type=\"icon-box.default\">\n\t\t\t\t<div class=\"elementor-widget-container\">\n\t\t\t\t\t\t\t<div class=\"elementor-icon-box-wrapper\">\n\n\t\t\t\t\t\t<div class=\"elementor-icon-box-icon\">\n\t\t\t\t<a href=\"https:\/\/visitlapalma.es\/\" target=\"_blank\" class=\"elementor-icon\" tabindex=\"-1\" aria-label=\"Besuchen Sie La Palma\">\n\t\t\t\t<svg aria-hidden=\"true\" class=\"e-font-icon-svg e-fas-external-link-alt\" viewBox=\"0 0 512 512\" xmlns=\"http:\/\/www.w3.org\/2000\/svg\"><path d=\"M432,320H400a16,16,0,0,0-16,16V448H64V128H208a16,16,0,0,0,16-16V80a16,16,0,0,0-16-16H48A48,48,0,0,0,0,112V464a48,48,0,0,0,48,48H400a48,48,0,0,0,48-48V336A16,16,0,0,0,432,320ZM488,0h-128c-21.37,0-32.05,25.91-17,41l35.73,35.73L135,320.37a24,24,0,0,0,0,34L157.67,377a24,24,0,0,0,34,0L435.28,133.32,471,169c15,15,41,4.5,41-17V24A24,24,0,0,0,488,0Z\"><\/path><\/svg>\t\t\t\t<\/a>\n\t\t\t<\/div>\n\t\t\t\n\t\t\t\t\t\t<div class=\"elementor-icon-box-content\">\n\n\t\t\t\t\t\t\t\t\t<h4 class=\"elementor-icon-box-title\">\n\t\t\t\t\t\t<a href=\"https:\/\/visitlapalma.es\/\" target=\"_blank\" >\n\t\t\t\t\t\t\tBesuchen Sie La Palma\t\t\t\t\t\t<\/a>\n\t\t\t\t\t<\/h4>\n\t\t\t\t\n\t\t\t\t\n\t\t\t<\/div>\n\t\t\t\n\t\t<\/div>\n\t\t\t\t\t\t<\/div>\n\t\t\t\t<\/div>\n\t\t\t\t<\/div>\n\t\t<div class=\"elementor-element elementor-element-6d2377c e-con-full e-flex e-con e-child\" data-id=\"6d2377c\" data-element_type=\"container\">\n\t\t\t\t<div class=\"elementor-element elementor-element-63bf9e4 elementor-view-stacked elementor-shape-rounded elementor-position-block-start elementor-mobile-position-block-start elementor-widget elementor-widget-icon-box\" data-id=\"63bf9e4\" data-element_type=\"widget\" data-widget_type=\"icon-box.default\">\n\t\t\t\t<div class=\"elementor-widget-container\">\n\t\t\t\t\t\t\t<div class=\"elementor-icon-box-wrapper\">\n\n\t\t\t\t\t\t<div class=\"elementor-icon-box-icon\">\n\t\t\t\t<a href=\"https:\/\/lapalmabiosfera.es\/\" target=\"_blank\" class=\"elementor-icon\" tabindex=\"-1\" aria-label=\"Weltbiosph\u00e4renreservat La Palma\">\n\t\t\t\t<svg aria-hidden=\"true\" class=\"e-font-icon-svg e-fas-external-link-alt\" viewBox=\"0 0 512 512\" xmlns=\"http:\/\/www.w3.org\/2000\/svg\"><path d=\"M432,320H400a16,16,0,0,0-16,16V448H64V128H208a16,16,0,0,0,16-16V80a16,16,0,0,0-16-16H48A48,48,0,0,0,0,112V464a48,48,0,0,0,48,48H400a48,48,0,0,0,48-48V336A16,16,0,0,0,432,320ZM488,0h-128c-21.37,0-32.05,25.91-17,41l35.73,35.73L135,320.37a24,24,0,0,0,0,34L157.67,377a24,24,0,0,0,34,0L435.28,133.32,471,169c15,15,41,4.5,41-17V24A24,24,0,0,0,488,0Z\"><\/path><\/svg>\t\t\t\t<\/a>\n\t\t\t<\/div>\n\t\t\t\n\t\t\t\t\t\t<div class=\"elementor-icon-box-content\">\n\n\t\t\t\t\t\t\t\t\t<h4 class=\"elementor-icon-box-title\">\n\t\t\t\t\t\t<a href=\"https:\/\/lapalmabiosfera.es\/\" target=\"_blank\" >\n\t\t\t\t\t\t\tWeltbiosph\u00e4renreservat La Palma\t\t\t\t\t\t<\/a>\n\t\t\t\t\t<\/h4>\n\t\t\t\t\n\t\t\t\t\n\t\t\t<\/div>\n\t\t\t\n\t\t<\/div>\n\t\t\t\t\t\t<\/div>\n\t\t\t\t<\/div>\n\t\t\t\t<\/div>\n\t\t<div class=\"elementor-element elementor-element-52a534b e-con-full e-flex e-con e-child\" data-id=\"52a534b\" data-element_type=\"container\">\n\t\t\t\t<div class=\"elementor-element elementor-element-27ac542 elementor-view-stacked elementor-shape-rounded elementor-position-block-start elementor-mobile-position-block-start elementor-widget elementor-widget-icon-box\" data-id=\"27ac542\" data-element_type=\"widget\" data-widget_type=\"icon-box.default\">\n\t\t\t\t<div class=\"elementor-widget-container\">\n\t\t\t\t\t\t\t<div class=\"elementor-icon-box-wrapper\">\n\n\t\t\t\t\t\t<div class=\"elementor-icon-box-icon\">\n\t\t\t\t<a href=\"https:\/\/www.holaislascanarias.com\/espacios-naturales\/la-palma\/\" target=\"_blank\" class=\"elementor-icon\" tabindex=\"-1\" aria-label=\"Naturr\u00e4ume&lt;br&gt;von La Palma\">\n\t\t\t\t<svg aria-hidden=\"true\" class=\"e-font-icon-svg e-fas-external-link-alt\" viewBox=\"0 0 512 512\" xmlns=\"http:\/\/www.w3.org\/2000\/svg\"><path d=\"M432,320H400a16,16,0,0,0-16,16V448H64V128H208a16,16,0,0,0,16-16V80a16,16,0,0,0-16-16H48A48,48,0,0,0,0,112V464a48,48,0,0,0,48,48H400a48,48,0,0,0,48-48V336A16,16,0,0,0,432,320ZM488,0h-128c-21.37,0-32.05,25.91-17,41l35.73,35.73L135,320.37a24,24,0,0,0,0,34L157.67,377a24,24,0,0,0,34,0L435.28,133.32,471,169c15,15,41,4.5,41-17V24A24,24,0,0,0,488,0Z\"><\/path><\/svg>\t\t\t\t<\/a>\n\t\t\t<\/div>\n\t\t\t\n\t\t\t\t\t\t<div class=\"elementor-icon-box-content\">\n\n\t\t\t\t\t\t\t\t\t<h4 class=\"elementor-icon-box-title\">\n\t\t\t\t\t\t<a href=\"https:\/\/www.holaislascanarias.com\/espacios-naturales\/la-palma\/\" target=\"_blank\" >\n\t\t\t\t\t\t\tNaturr\u00e4ume<br>von La Palma\t\t\t\t\t\t<\/a>\n\t\t\t\t\t<\/h4>\n\t\t\t\t\n\t\t\t\t\n\t\t\t<\/div>\n\t\t\t\n\t\t<\/div>\n\t\t\t\t\t\t<\/div>\n\t\t\t\t<\/div>\n\t\t\t\t<\/div>\n\t\t\t\t\t<\/div>\n\t\t\t\t<\/div>\n\t\t\t\t<\/div>\n\t\t","protected":false},"excerpt":{"rendered":"<p>Nachhaltigkeitspolitik Wir bei LA PALMA BLUE sind uns bewusst, dass wir trotz der Kurzlebigkeit der Veranstaltung Auswirkungen auf die Umwelt haben k\u00f6nnen. Deshalb haben wir sie unter Ber\u00fccksichtigung der Werte der Nachhaltigkeit geplant und entwickelt und teilen ihr Engagement f\u00fcr die Ziele der nachhaltigen Entwicklung (SDGs). Deshalb werben wir mit diesem Festival f\u00fcr die Insel [&hellip;]<\/p>\n","protected":false},"author":1,"featured_media":0,"parent":0,"menu_order":0,"comment_status":"closed","ping_status":"closed","template":"","meta":{"footnotes":""},"class_list":["post-722","page","type-page","status-publish","hentry"],"yoast_head":"<!-- This site is optimized with the Yoast SEO plugin v26.7 - https:\/\/yoast.com\/wordpress\/plugins\/seo\/ -->\n<title>Nachhaltigkeit - La Palma Blue Experience<\/title>\n<meta name=\"description\" content=\"Informationsseite \u00fcber Nachhaltigkeit von La Palma Blue Experience\" \/>\n<meta name=\"robots\" content=\"index, follow, max-snippet:-1, max-image-preview:large, max-video-preview:-1\" \/>\n<link rel=\"canonical\" href=\"https:\/\/lapalmablueexperience.com\/de\/nachhaltigkeit\/\" \/>\n<meta property=\"og:locale\" content=\"de_DE\" \/>\n<meta property=\"og:type\" content=\"article\" \/>\n<meta property=\"og:title\" content=\"Nachhaltigkeit - La Palma Blue Experience\" \/>\n<meta property=\"og:description\" content=\"Informationsseite \u00fcber Nachhaltigkeit von La Palma Blue Experience\" \/>\n<meta property=\"og:url\" content=\"https:\/\/lapalmablueexperience.com\/de\/nachhaltigkeit\/\" \/>\n<meta property=\"og:site_name\" content=\"La Palma Blue Experience\" \/>\n<meta property=\"article:publisher\" content=\"https:\/\/www.facebook.com\/p\/La-Palma-Blue-Experience-61554398215322\/\" \/>\n<meta property=\"article:modified_time\" content=\"2025-09-29T18:55:00+00:00\" \/>\n<meta property=\"og:image\" content=\"https:\/\/lapalmablueexperience.com\/wp-content\/uploads\/2025\/03\/LaPalmaBlueExperience_logo.png\" \/>\n\t<meta property=\"og:image:width\" content=\"1577\" \/>\n\t<meta property=\"og:image:height\" content=\"604\" \/>\n\t<meta property=\"og:image:type\" content=\"image\/png\" \/>\n<meta name=\"twitter:card\" content=\"summary_large_image\" \/>\n<meta name=\"twitter:label1\" content=\"Gesch\u00e4tzte Lesezeit\" \/>\n\t<meta name=\"twitter:data1\" content=\"2\u00a0Minuten\" \/>\n<script type=\"application\/ld+json\" class=\"yoast-schema-graph\">{\"@context\":\"https:\/\/schema.org\",\"@graph\":[{\"@type\":\"WebPage\",\"@id\":\"https:\/\/lapalmablueexperience.com\/de\/nachhaltigkeit\/\",\"url\":\"https:\/\/lapalmablueexperience.com\/de\/nachhaltigkeit\/\",\"name\":\"Nachhaltigkeit - La Palma Blue Experience\",\"isPartOf\":{\"@id\":\"https:\/\/lapalmablueexperience.com\/de\/#website\"},\"primaryImageOfPage\":{\"@id\":\"https:\/\/lapalmablueexperience.com\/de\/nachhaltigkeit\/#primaryimage\"},\"image\":{\"@id\":\"https:\/\/lapalmablueexperience.com\/de\/nachhaltigkeit\/#primaryimage\"},\"thumbnailUrl\":\"https:\/\/lapalmablueexperience.com\/wp-content\/uploads\/2025\/03\/LaPalmaBlueExperience_logo-300x115.png\",\"datePublished\":\"2025-03-15T19:45:01+00:00\",\"dateModified\":\"2025-09-29T18:55:00+00:00\",\"description\":\"Informationsseite \u00fcber Nachhaltigkeit von La Palma Blue Experience\",\"breadcrumb\":{\"@id\":\"https:\/\/lapalmablueexperience.com\/de\/nachhaltigkeit\/#breadcrumb\"},\"inLanguage\":\"de\",\"potentialAction\":[{\"@type\":\"ReadAction\",\"target\":[\"https:\/\/lapalmablueexperience.com\/de\/nachhaltigkeit\/\"]}]},{\"@type\":\"ImageObject\",\"inLanguage\":\"de\",\"@id\":\"https:\/\/lapalmablueexperience.com\/de\/nachhaltigkeit\/#primaryimage\",\"url\":\"https:\/\/lapalmablueexperience.com\/wp-content\/uploads\/2025\/03\/LaPalmaBlueExperience_logo-300x115.png\",\"contentUrl\":\"https:\/\/lapalmablueexperience.com\/wp-content\/uploads\/2025\/03\/LaPalmaBlueExperience_logo-300x115.png\"},{\"@type\":\"BreadcrumbList\",\"@id\":\"https:\/\/lapalmablueexperience.com\/de\/nachhaltigkeit\/#breadcrumb\",\"itemListElement\":[{\"@type\":\"ListItem\",\"position\":1,\"name\":\"Portada\",\"item\":\"https:\/\/lapalmablueexperience.com\/\"},{\"@type\":\"ListItem\",\"position\":2,\"name\":\"Nachhaltigkeit\"}]},{\"@type\":\"WebSite\",\"@id\":\"https:\/\/lapalmablueexperience.com\/de\/#website\",\"url\":\"https:\/\/lapalmablueexperience.com\/de\/\",\"name\":\"La Palma Blue Experience\",\"description\":\"Zweit\u00e4giges Musikfestival im Rahmen der Fiesta de Inter\u00e9s Tur\u00edstico Nacional de la Bajada de la Virgen de las Nieves (Abstieg der Jungfrau des Schnees).\",\"publisher\":{\"@id\":\"https:\/\/lapalmablueexperience.com\/de\/#organization\"},\"alternateName\":\"Lustral Fest\",\"potentialAction\":[{\"@type\":\"SearchAction\",\"target\":{\"@type\":\"EntryPoint\",\"urlTemplate\":\"https:\/\/lapalmablueexperience.com\/de\/?s={search_term_string}\"},\"query-input\":{\"@type\":\"PropertyValueSpecification\",\"valueRequired\":true,\"valueName\":\"search_term_string\"}}],\"inLanguage\":\"de\"},{\"@type\":\"Organization\",\"@id\":\"https:\/\/lapalmablueexperience.com\/de\/#organization\",\"name\":\"Sociedad de Promoci\u00f3n y Desarrollo Econ\u00f3mico y Social de La Palma\",\"alternateName\":\"SODEPAL\",\"url\":\"https:\/\/lapalmablueexperience.com\/de\/\",\"logo\":{\"@type\":\"ImageObject\",\"inLanguage\":\"de\",\"@id\":\"https:\/\/lapalmablueexperience.com\/de\/#\/schema\/logo\/image\/\",\"url\":\"https:\/\/lapalmablueexperience.com\/wp-content\/uploads\/2025\/03\/LPBE_favicon.jpg\",\"contentUrl\":\"https:\/\/lapalmablueexperience.com\/wp-content\/uploads\/2025\/03\/LPBE_favicon.jpg\",\"width\":1500,\"height\":1500,\"caption\":\"Sociedad de Promoci\u00f3n y Desarrollo Econ\u00f3mico y Social de La Palma\"},\"image\":{\"@id\":\"https:\/\/lapalmablueexperience.com\/de\/#\/schema\/logo\/image\/\"},\"sameAs\":[\"https:\/\/www.facebook.com\/p\/La-Palma-Blue-Experience-61554398215322\/\",\"https:\/\/www.instagram.com\/lapalmabluexperience\/\"]}]}<\/script>\n<!-- \/ Yoast SEO plugin. -->","yoast_head_json":{"title":"Nachhaltigkeit - La Palma Blue Experience","description":"Informationsseite \u00fcber Nachhaltigkeit von La Palma Blue Experience","robots":{"index":"index","follow":"follow","max-snippet":"max-snippet:-1","max-image-preview":"max-image-preview:large","max-video-preview":"max-video-preview:-1"},"canonical":"https:\/\/lapalmablueexperience.com\/de\/nachhaltigkeit\/","og_locale":"de_DE","og_type":"article","og_title":"Nachhaltigkeit - La Palma Blue Experience","og_description":"Informationsseite \u00fcber Nachhaltigkeit von La Palma Blue Experience","og_url":"https:\/\/lapalmablueexperience.com\/de\/nachhaltigkeit\/","og_site_name":"La Palma Blue Experience","article_publisher":"https:\/\/www.facebook.com\/p\/La-Palma-Blue-Experience-61554398215322\/","article_modified_time":"2025-09-29T18:55:00+00:00","og_image":[{"width":1577,"height":604,"url":"https:\/\/lapalmablueexperience.com\/wp-content\/uploads\/2025\/03\/LaPalmaBlueExperience_logo.png","type":"image\/png"}],"twitter_card":"summary_large_image","twitter_misc":{"Gesch\u00e4tzte Lesezeit":"2\u00a0Minuten"},"schema":{"@context":"https:\/\/schema.org","@graph":[{"@type":"WebPage","@id":"https:\/\/lapalmablueexperience.com\/de\/nachhaltigkeit\/","url":"https:\/\/lapalmablueexperience.com\/de\/nachhaltigkeit\/","name":"Nachhaltigkeit - La Palma Blue Experience","isPartOf":{"@id":"https:\/\/lapalmablueexperience.com\/de\/#website"},"primaryImageOfPage":{"@id":"https:\/\/lapalmablueexperience.com\/de\/nachhaltigkeit\/#primaryimage"},"image":{"@id":"https:\/\/lapalmablueexperience.com\/de\/nachhaltigkeit\/#primaryimage"},"thumbnailUrl":"https:\/\/lapalmablueexperience.com\/wp-content\/uploads\/2025\/03\/LaPalmaBlueExperience_logo-300x115.png","datePublished":"2025-03-15T19:45:01+00:00","dateModified":"2025-09-29T18:55:00+00:00","description":"Informationsseite \u00fcber Nachhaltigkeit von La Palma Blue Experience","breadcrumb":{"@id":"https:\/\/lapalmablueexperience.com\/de\/nachhaltigkeit\/#breadcrumb"},"inLanguage":"de","potentialAction":[{"@type":"ReadAction","target":["https:\/\/lapalmablueexperience.com\/de\/nachhaltigkeit\/"]}]},{"@type":"ImageObject","inLanguage":"de","@id":"https:\/\/lapalmablueexperience.com\/de\/nachhaltigkeit\/#primaryimage","url":"https:\/\/lapalmablueexperience.com\/wp-content\/uploads\/2025\/03\/LaPalmaBlueExperience_logo-300x115.png","contentUrl":"https:\/\/lapalmablueexperience.com\/wp-content\/uploads\/2025\/03\/LaPalmaBlueExperience_logo-300x115.png"},{"@type":"BreadcrumbList","@id":"https:\/\/lapalmablueexperience.com\/de\/nachhaltigkeit\/#breadcrumb","itemListElement":[{"@type":"ListItem","position":1,"name":"Portada","item":"https:\/\/lapalmablueexperience.com\/"},{"@type":"ListItem","position":2,"name":"Nachhaltigkeit"}]},{"@type":"WebSite","@id":"https:\/\/lapalmablueexperience.com\/de\/#website","url":"https:\/\/lapalmablueexperience.com\/de\/","name":"La Palma Blue Experience","description":"Zweit\u00e4giges Musikfestival im Rahmen der Fiesta de Inter\u00e9s Tur\u00edstico Nacional de la Bajada de la Virgen de las Nieves (Abstieg der Jungfrau des Schnees).","publisher":{"@id":"https:\/\/lapalmablueexperience.com\/de\/#organization"},"alternateName":"Lustral Fest","potentialAction":[{"@type":"SearchAction","target":{"@type":"EntryPoint","urlTemplate":"https:\/\/lapalmablueexperience.com\/de\/?s={search_term_string}"},"query-input":{"@type":"PropertyValueSpecification","valueRequired":true,"valueName":"search_term_string"}}],"inLanguage":"de"},{"@type":"Organization","@id":"https:\/\/lapalmablueexperience.com\/de\/#organization","name":"Sociedad de Promoci\u00f3n y Desarrollo Econ\u00f3mico y Social de La Palma","alternateName":"SODEPAL","url":"https:\/\/lapalmablueexperience.com\/de\/","logo":{"@type":"ImageObject","inLanguage":"de","@id":"https:\/\/lapalmablueexperience.com\/de\/#\/schema\/logo\/image\/","url":"https:\/\/lapalmablueexperience.com\/wp-content\/uploads\/2025\/03\/LPBE_favicon.jpg","contentUrl":"https:\/\/lapalmablueexperience.com\/wp-content\/uploads\/2025\/03\/LPBE_favicon.jpg","width":1500,"height":1500,"caption":"Sociedad de Promoci\u00f3n y Desarrollo Econ\u00f3mico y Social de La Palma"},"image":{"@id":"https:\/\/lapalmablueexperience.com\/de\/#\/schema\/logo\/image\/"},"sameAs":["https:\/\/www.facebook.com\/p\/La-Palma-Blue-Experience-61554398215322\/","https:\/\/www.instagram.com\/lapalmabluexperience\/"]}]}},"_links":{"self":[{"href":"https:\/\/lapalmablueexperience.com\/de\/wp-json\/wp\/v2\/pages\/722","targetHints":{"allow":["GET"]}}],"collection":[{"href":"https:\/\/lapalmablueexperience.com\/de\/wp-json\/wp\/v2\/pages"}],"about":[{"href":"https:\/\/lapalmablueexperience.com\/de\/wp-json\/wp\/v2\/types\/page"}],"author":[{"embeddable":true,"href":"https:\/\/lapalmablueexperience.com\/de\/wp-json\/wp\/v2\/users\/1"}],"replies":[{"embeddable":true,"href":"https:\/\/lapalmablueexperience.com\/de\/wp-json\/wp\/v2\/comments?post=722"}],"version-history":[{"count":0,"href":"https:\/\/lapalmablueexperience.com\/de\/wp-json\/wp\/v2\/pages\/722\/revisions"}],"wp:attachment":[{"href":"https:\/\/lapalmablueexperience.com\/de\/wp-json\/wp\/v2\/media?parent=722"}],"curies":[{"name":"wp","href":"https:\/\/api.w.org\/{rel}","templated":true}]}}