{"id":725,"date":"2025-03-15T19:29:27","date_gmt":"2025-03-15T19:29:27","guid":{"rendered":"https:\/\/lustralfest.com\/rechtlicher-hinweis\/"},"modified":"2025-05-13T10:46:26","modified_gmt":"2025-05-13T09:46:26","slug":"rechtlicher-hinweis","status":"publish","type":"page","link":"https:\/\/lapalmablueexperience.com\/de\/rechtlicher-hinweis\/","title":{"rendered":"Rechtlicher Hinweis"},"content":{"rendered":"\t\t<div data-elementor-type=\"wp-page\" data-elementor-id=\"725\" class=\"elementor elementor-725 elementor-3\" data-elementor-post-type=\"page\">\n\t\t\t\t<div class=\"elementor-element elementor-element-2c575058 e-flex e-con-boxed e-con e-parent\" data-id=\"2c575058\" data-element_type=\"container\">\n\t\t\t\t\t<div class=\"e-con-inner\">\n\t\t\t\t<div class=\"elementor-element elementor-element-3927a490 elementor-widget elementor-widget-text-editor\" data-id=\"3927a490\" data-element_type=\"widget\" data-widget_type=\"text-editor.default\">\n\t\t\t\t<div class=\"elementor-widget-container\">\n\t\t\t\t\t\t\t\t\t<section class=\"elementor-section elementor-top-section elementor-element elementor-element-cdc32e9 elementor-section-boxed elementor-section-height-default elementor-section-height-default\" data-id=\"cdc32e9\" data-element_type=\"section\">\n<div class=\"elementor-container elementor-column-gap-default\">\n<div class=\"elementor-column elementor-col-100 elementor-top-column elementor-element elementor-element-bffdd6d\" data-id=\"bffdd6d\" data-element_type=\"column\">\n<div class=\"elementor-widget-wrap elementor-element-populated\">\n<div class=\"elementor-element elementor-element-afd1357 elementor-widget elementor-widget-theme-post-content\" data-id=\"afd1357\" data-element_type=\"widget\" data-widget_type=\"theme-post-content.default\">\n<div class=\"elementor-widget-container\">\n<div class=\"elementor elementor-1620\" data-elementor-type=\"wp-page\" data-elementor-id=\"1620\" data-elementor-post-type=\"page\">\n<section class=\"elementor-section elementor-top-section elementor-element elementor-element-260065b7 elementor-section-boxed elementor-section-height-default elementor-section-height-default\" data-id=\"260065b7\" data-element_type=\"section\">\n<div class=\"elementor-container elementor-column-gap-default\">\n<div class=\"elementor-column elementor-col-100 elementor-top-column elementor-element elementor-element-78d0ad4a\" data-id=\"78d0ad4a\" data-element_type=\"column\">\n<div class=\"elementor-widget-wrap elementor-element-populated\">\n<div class=\"elementor-element elementor-element-301af479 elementor-widget elementor-widget-text-editor\" data-id=\"301af479\" data-element_type=\"widget\" data-widget_type=\"text-editor.default\">\n<div class=\"elementor-widget-container\">\n<h4>Allgemeine Informationen<\/h4>\n<p>In \u00dcbereinstimmung mit der Informationspflicht gem\u00e4\u00df dem Gesetz 34\/2002 vom 11. Juli \u00fcber die Dienste der Informationsgesellschaft und den elektronischen Handel werden im Folgenden die allgemeinen Informationen \u00fcber die Website angegeben:<\/p>\n<ul>\n<li>SOCIEDAD DE PROMOCION Y DESARROLLO ECONOMICO Y SOCIAL DE LA ISLA DE LA PALMA SAUMP- A38732566<\/li>\n<li>AVENIDA DE LOS INDIANOS 14 2\u00baB- 38700 &#8211; SANTA CRUZ DE LA PALMA<\/li>\n<li>Handelsregister von Santa Cruz de La Palma, Band 46, Blatt 211, Seite IP-2049, Eintragung 1.<\/li>\n<li>Telefon: 922417323<\/li>\n<li>E-Mail: gerencia@sodepal.es<\/li>\n<\/ul>\n<h4>Bedingungen f\u00fcr die Nutzung<\/h4>\n<p>Der Zugang zu und die Nutzung dieser Website verleiht dem Besucher die Eigenschaft eines Benutzers. Dies bedeutet, dass der Benutzer die jederzeit geltenden Nutzungsbedingungen akzeptiert und sich verpflichtet, die Inhalte der Website angemessen zu nutzen und die Bestimmungen der vorliegenden Bekanntmachung sowie die geltenden Vorschriften strikt zu beachten und einzuhalten.<\/p>\n<p>Ebenso verpflichtet sich der Nutzer zu:<br \/>Wahrheitsgem\u00e4\u00dfe Angaben zu den Registrierungsdaten zu machen und diese auf dem neuesten Stand zu halten;<br \/>Keine Inhalte zu verbreiten, die gegen das Gesetz oder die W\u00fcrde der Person versto\u00dfen, die aufgrund von Geburt, Ethnie, Geschlecht, Religion, Meinung oder anderen pers\u00f6nlichen oder sozialen Umst\u00e4nden diskriminierend sind oder die in irgendeiner Weise gegen das Gesetz oder die \u00f6ffentliche Ordnung versto\u00dfen;<br \/>Die <strong>SOCIEDAD DE PROMOCION Y DESARROLLO ECONOMICO Y SOCIAL DE LA ISLA DE LA PALMA SAUMP<\/strong> beh\u00e4lt sich das Recht vor, \u00c4nderungen vorzunehmen, die sie f\u00fcr angemessen h\u00e4lt, und Inhalte oder Dienstleistungen, die auf der Website angeboten werden, hinzuzuf\u00fcgen, zu \u00e4ndern oder zu streichen, sowie Beitr\u00e4ge oder Kommentare zu entfernen, die gegen die oben beschriebenen Regeln versto\u00dfen.<\/p>\n<p><strong>SOCIEDAD DE PROMOCION Y DESARROLLO ECONOMICO Y SOCIAL DE LA ISLA DE LA PALMA SAUMP<\/strong> kann in keinem Fall f\u00fcr die Meinungen verantwortlich gemacht werden, die der Nutzer \u00fcber die auf der Website angebotenen Beteiligungsinstrumente \u00e4u\u00dfert.<br \/>Der Zugang zur Website ist f\u00fcr den Nutzer in all ihren Teilen, Inhalten usw. frei und kostenlos.<br \/>Der Nutzer erkl\u00e4rt unter seiner Verantwortung, dass er vollj\u00e4hrig ist und \u00fcber die n\u00f6tige Gesch\u00e4ftsf\u00e4higkeit verf\u00fcgt, um an diese Bedingungen gebunden zu sein.<\/p>\n<h4>Politik zum Schutz der Privatsph\u00e4re und der Daten<\/h4>\n<p>Die \u00fcber die Formulare auf der Website elektronisch \u00fcbermittelten personenbezogenen Daten werden verarbeitet, um Ihre Anfrage zu beantworten, Ihnen Werbung f\u00fcr unsere Produkte\/Dienstleistungen auf beliebigem Wege (physisch oder elektronisch) zuzusenden und Sie zu den vom Unternehmen organisierten Veranstaltungen einzuladen. Die Daten der Behandlung sind:<\/p>\n<h4>Wer ist verantwortlich?<\/h4>\n<ul>\n<li>Verantwortlich: SOCIEDAD DE PROMOCION Y DESARROLLO ECONOMICO Y SOCIAL DE LA ISLA DE LA PALMA SAUMP.<\/li>\n<li>Anschrift: AVENIDA DE LOS INDIANOS 14 2\u00baB &#8211; 38700 &#8211; SANTA CRUZ DE LA PALMA<\/li>\n<li>Telefon: 922417323<\/li>\n<li>E-Mail: <a href=\"mailto:gerencia@sodepal.es\" target=\"_blank\" rel=\"noopener\">gerencia@sodepal.es<\/a><\/li>\n<\/ul>\n<h4>Wer ist der Datenschutzbeauftragte?<\/h4>\n<ul>\n<li>Beauftragter: MIGUEL ANGEL ALVAREZ DIAZ<\/li>\n<li>E-Mail: <a href=\"mailto:dpo@gextiona.com\" target=\"_blank\" rel=\"noopener\">dpo@gextiona.com<\/a><\/li>\n<\/ul>\n<h4>Zu welchen Zwecken verarbeiten wir Ihre personenbezogenen Daten?<\/h4>\n<p>Zusendung von Informationen und kommerzielle Interessentenwerbung.<br \/>Um Ihnen Produkte und Dienstleistungen anbieten zu k\u00f6nnen, die Ihren Interessen entsprechen, und um Ihre Nutzererfahrung zu verbessern, erstellen wir auf der Grundlage der bereitgestellten Informationen ein Gesch\u00e4ftsprofil. Auf der Grundlage dieses Profils werden keine automatisierten Entscheidungen getroffen.<\/p>\n<h4>Wie lange werden wir Ihre Daten aufbewahren?<\/h4>\n<p>F\u00fcr die Dauer des Vertragsverh\u00e4ltnisses, wenn Sie Kunde sind.<br \/>F\u00fcr einen Zeitraum von einem Jahr ab der letzten Interessenbekundung, wenn Sie kein Kunde sind.<\/p>\n<h4>Wodurch ist die Verarbeitung Ihrer personenbezogenen Daten legitimiert?<\/h4>\n<p>Das voraussichtliche Angebot von Produkten und Dienstleistungen beruht auf Ihrer Zustimmung, ohne dass der Widerruf der Zustimmung in jedem Fall eine Bedingung f\u00fcr die Ausf\u00fchrung des Dienstleistungsvertrags ist.<\/p>\n<h4>An welche Empf\u00e4nger werden Ihre Daten weitergegeben?<\/h4>\n<p>Sie werden niemals an Dritte weitergegeben.<\/p>\n<h4>Welche Rechte haben Sie, wenn Sie uns Ihre personenbezogenen Daten zur Verf\u00fcgung stellen?<\/h4>\n<p>Jede Person hat das Recht, eine Best\u00e4tigung dar\u00fcber zu erhalten, ob wir sie betreffende personenbezogene Daten verarbeiten oder nicht. Die betroffenen Personen haben das Recht auf Auskunft \u00fcber ihre personenbezogenen Daten sowie das Recht, die Berichtigung unrichtiger Daten oder gegebenenfalls deren L\u00f6schung zu verlangen, wenn die Daten unter anderem f\u00fcr die Zwecke, f\u00fcr die sie erhoben wurden, nicht mehr erforderlich sind. Unter bestimmten Umst\u00e4nden k\u00f6nnen die betroffenen Personen die Einschr\u00e4nkung der Verarbeitung ihrer Daten verlangen; in diesem Fall werden wir die Daten nur zur Geltendmachung oder Abwehr von Anspr\u00fcchen aufbewahren. Unter bestimmten Umst\u00e4nden und aus Gr\u00fcnden, die sich aus ihrer besonderen Situation ergeben, k\u00f6nnen die Betroffenen der Verarbeitung ihrer Daten widersprechen. Dar\u00fcber hinaus k\u00f6nnen sie bei der Aufsichtsbeh\u00f6rde (www.aepd.es) Beschwerde \u00fcber ihre Rechte einlegen.<\/p>\n<h4>Verkn\u00fcpfungspolitik<\/h4>\n<p>Die Website kann Links zu anderen Websites enthalten, deren Datenschutzpolitik sich von der vorliegenden unterscheidet. Die SOCIEDAD DE PROMOCION Y DESARROLLO ECONOMICO Y SOCIAL DE LA ISLA DE LA PALMA SAUMP ist nicht f\u00fcr den Inhalt oder die Praktiken der verlinkten Websites verantwortlich und dem Benutzer wird empfohlen, die Datenschutzrichtlinien jeder Website zu lesen, auf die er von dieser Website aus zugreift.<\/p>\n<h4>Geistiges und industrielles Eigentum<\/h4>\n<p>Die Rechte an geistigem und gewerblichem Eigentum, die Nutzungs- und Vervielf\u00e4ltigungsrechte dieser Website (Seiten, Bildschirme, Informationen, Erscheinungsbild, Struktur und Design, Quellcode, Audiodateien und Software sowie Links) sind Eigentum der SOCIEDAD DE PROMOCION Y DESARROLLO ECONOMICO DE LA ISLA DE LA PALMA SAU, wurden ihr \u00fcbertragen oder sind in Lizenz vergeben, sofern nicht anders angegeben.<\/p>\n<p>Der Name, das Design und die Logos, aus denen diese Website besteht, sind ordnungsgem\u00e4\u00df eingetragene Marken. Ihre missbr\u00e4uchliche Verwendung kann gem\u00e4\u00df der geltenden Gesetzgebung geahndet werden.<\/p>\n<p>Die Rechte am geistigen Eigentum und die Marken Dritter werden hervorgehoben, und der Benutzer muss sie in jedem Fall respektieren.<\/p>\n<\/div>\n<\/div>\n<\/div>\n<\/div>\n<\/div>\n<\/section>\n<\/div>\n<\/div>\n<\/div>\n<\/div>\n<\/div>\n<\/div>\n<\/section>\t\t\t\t\t\t\t\t<\/div>\n\t\t\t\t<\/div>\n\t\t\t\t\t<\/div>\n\t\t\t\t<\/div>\n\t\t\t\t<\/div>\n\t\t","protected":false},"excerpt":{"rendered":"<p>Allgemeine Informationen In \u00dcbereinstimmung mit der Informationspflicht gem\u00e4\u00df dem Gesetz 34\/2002 vom 11. Juli \u00fcber die Dienste der Informationsgesellschaft und den elektronischen Handel werden im Folgenden die allgemeinen Informationen \u00fcber die Website angegeben: SOCIEDAD DE PROMOCION Y DESARROLLO ECONOMICO Y SOCIAL DE LA ISLA DE LA PALMA SAUMP- A38732566 AVENIDA DE LOS INDIANOS 14 2\u00baB- [&hellip;]<\/p>\n","protected":false},"author":1,"featured_media":0,"parent":0,"menu_order":0,"comment_status":"closed","ping_status":"closed","template":"","meta":{"footnotes":""},"class_list":["post-725","page","type-page","status-publish","hentry"],"yoast_head":"<!-- This site is optimized with the Yoast SEO plugin v26.7 - https:\/\/yoast.com\/wordpress\/plugins\/seo\/ -->\n<title>Rechtlicher Hinweis - La Palma Blue Experience<\/title>\n<meta name=\"description\" content=\"Rechtliche Hinweise auf dieser Website\" \/>\n<meta name=\"robots\" content=\"index, follow, max-snippet:-1, max-image-preview:large, max-video-preview:-1\" \/>\n<link rel=\"canonical\" href=\"https:\/\/lapalmablueexperience.com\/de\/rechtlicher-hinweis\/\" \/>\n<meta property=\"og:locale\" content=\"de_DE\" \/>\n<meta property=\"og:type\" content=\"article\" \/>\n<meta property=\"og:title\" content=\"Rechtlicher Hinweis - La Palma Blue Experience\" \/>\n<meta property=\"og:description\" content=\"Rechtliche Hinweise auf dieser Website\" \/>\n<meta property=\"og:url\" content=\"https:\/\/lapalmablueexperience.com\/de\/rechtlicher-hinweis\/\" \/>\n<meta property=\"og:site_name\" content=\"La Palma Blue Experience\" \/>\n<meta property=\"article:publisher\" content=\"https:\/\/www.facebook.com\/p\/La-Palma-Blue-Experience-61554398215322\/\" \/>\n<meta property=\"article:modified_time\" content=\"2025-05-13T09:46:26+00:00\" \/>\n<meta name=\"twitter:card\" content=\"summary_large_image\" \/>\n<meta name=\"twitter:label1\" content=\"Gesch\u00e4tzte Lesezeit\" \/>\n\t<meta name=\"twitter:data1\" content=\"4\u00a0Minuten\" \/>\n<script type=\"application\/ld+json\" class=\"yoast-schema-graph\">{\"@context\":\"https:\/\/schema.org\",\"@graph\":[{\"@type\":\"WebPage\",\"@id\":\"https:\/\/lapalmablueexperience.com\/de\/rechtlicher-hinweis\/\",\"url\":\"https:\/\/lapalmablueexperience.com\/de\/rechtlicher-hinweis\/\",\"name\":\"Rechtlicher Hinweis - La Palma Blue Experience\",\"isPartOf\":{\"@id\":\"https:\/\/lapalmablueexperience.com\/de\/#website\"},\"datePublished\":\"2025-03-15T19:29:27+00:00\",\"dateModified\":\"2025-05-13T09:46:26+00:00\",\"description\":\"Rechtliche Hinweise auf dieser Website\",\"breadcrumb\":{\"@id\":\"https:\/\/lapalmablueexperience.com\/de\/rechtlicher-hinweis\/#breadcrumb\"},\"inLanguage\":\"de\",\"potentialAction\":[{\"@type\":\"ReadAction\",\"target\":[\"https:\/\/lapalmablueexperience.com\/de\/rechtlicher-hinweis\/\"]}]},{\"@type\":\"BreadcrumbList\",\"@id\":\"https:\/\/lapalmablueexperience.com\/de\/rechtlicher-hinweis\/#breadcrumb\",\"itemListElement\":[{\"@type\":\"ListItem\",\"position\":1,\"name\":\"Portada\",\"item\":\"https:\/\/lapalmablueexperience.com\/\"},{\"@type\":\"ListItem\",\"position\":2,\"name\":\"Rechtlicher Hinweis\"}]},{\"@type\":\"WebSite\",\"@id\":\"https:\/\/lapalmablueexperience.com\/de\/#website\",\"url\":\"https:\/\/lapalmablueexperience.com\/de\/\",\"name\":\"La Palma Blue Experience\",\"description\":\"Zweit\u00e4giges Musikfestival im Rahmen der Fiesta de Inter\u00e9s Tur\u00edstico Nacional de la Bajada de la Virgen de las Nieves (Abstieg der Jungfrau des Schnees).\",\"publisher\":{\"@id\":\"https:\/\/lapalmablueexperience.com\/de\/#organization\"},\"alternateName\":\"Lustral Fest\",\"potentialAction\":[{\"@type\":\"SearchAction\",\"target\":{\"@type\":\"EntryPoint\",\"urlTemplate\":\"https:\/\/lapalmablueexperience.com\/de\/?s={search_term_string}\"},\"query-input\":{\"@type\":\"PropertyValueSpecification\",\"valueRequired\":true,\"valueName\":\"search_term_string\"}}],\"inLanguage\":\"de\"},{\"@type\":\"Organization\",\"@id\":\"https:\/\/lapalmablueexperience.com\/de\/#organization\",\"name\":\"Sociedad de Promoci\u00f3n y Desarrollo Econ\u00f3mico y Social de La Palma\",\"alternateName\":\"SODEPAL\",\"url\":\"https:\/\/lapalmablueexperience.com\/de\/\",\"logo\":{\"@type\":\"ImageObject\",\"inLanguage\":\"de\",\"@id\":\"https:\/\/lapalmablueexperience.com\/de\/#\/schema\/logo\/image\/\",\"url\":\"https:\/\/lapalmablueexperience.com\/wp-content\/uploads\/2025\/03\/LPBE_favicon.jpg\",\"contentUrl\":\"https:\/\/lapalmablueexperience.com\/wp-content\/uploads\/2025\/03\/LPBE_favicon.jpg\",\"width\":1500,\"height\":1500,\"caption\":\"Sociedad de Promoci\u00f3n y Desarrollo Econ\u00f3mico y Social de La Palma\"},\"image\":{\"@id\":\"https:\/\/lapalmablueexperience.com\/de\/#\/schema\/logo\/image\/\"},\"sameAs\":[\"https:\/\/www.facebook.com\/p\/La-Palma-Blue-Experience-61554398215322\/\",\"https:\/\/www.instagram.com\/lapalmabluexperience\/\"]}]}<\/script>\n<!-- \/ Yoast SEO plugin. -->","yoast_head_json":{"title":"Rechtlicher Hinweis - La Palma Blue Experience","description":"Rechtliche Hinweise auf dieser Website","robots":{"index":"index","follow":"follow","max-snippet":"max-snippet:-1","max-image-preview":"max-image-preview:large","max-video-preview":"max-video-preview:-1"},"canonical":"https:\/\/lapalmablueexperience.com\/de\/rechtlicher-hinweis\/","og_locale":"de_DE","og_type":"article","og_title":"Rechtlicher Hinweis - La Palma Blue Experience","og_description":"Rechtliche Hinweise auf dieser Website","og_url":"https:\/\/lapalmablueexperience.com\/de\/rechtlicher-hinweis\/","og_site_name":"La Palma Blue Experience","article_publisher":"https:\/\/www.facebook.com\/p\/La-Palma-Blue-Experience-61554398215322\/","article_modified_time":"2025-05-13T09:46:26+00:00","twitter_card":"summary_large_image","twitter_misc":{"Gesch\u00e4tzte Lesezeit":"4\u00a0Minuten"},"schema":{"@context":"https:\/\/schema.org","@graph":[{"@type":"WebPage","@id":"https:\/\/lapalmablueexperience.com\/de\/rechtlicher-hinweis\/","url":"https:\/\/lapalmablueexperience.com\/de\/rechtlicher-hinweis\/","name":"Rechtlicher Hinweis - La Palma Blue Experience","isPartOf":{"@id":"https:\/\/lapalmablueexperience.com\/de\/#website"},"datePublished":"2025-03-15T19:29:27+00:00","dateModified":"2025-05-13T09:46:26+00:00","description":"Rechtliche Hinweise auf dieser Website","breadcrumb":{"@id":"https:\/\/lapalmablueexperience.com\/de\/rechtlicher-hinweis\/#breadcrumb"},"inLanguage":"de","potentialAction":[{"@type":"ReadAction","target":["https:\/\/lapalmablueexperience.com\/de\/rechtlicher-hinweis\/"]}]},{"@type":"BreadcrumbList","@id":"https:\/\/lapalmablueexperience.com\/de\/rechtlicher-hinweis\/#breadcrumb","itemListElement":[{"@type":"ListItem","position":1,"name":"Portada","item":"https:\/\/lapalmablueexperience.com\/"},{"@type":"ListItem","position":2,"name":"Rechtlicher Hinweis"}]},{"@type":"WebSite","@id":"https:\/\/lapalmablueexperience.com\/de\/#website","url":"https:\/\/lapalmablueexperience.com\/de\/","name":"La Palma Blue Experience","description":"Zweit\u00e4giges Musikfestival im Rahmen der Fiesta de Inter\u00e9s Tur\u00edstico Nacional de la Bajada de la Virgen de las Nieves (Abstieg der Jungfrau des Schnees).","publisher":{"@id":"https:\/\/lapalmablueexperience.com\/de\/#organization"},"alternateName":"Lustral Fest","potentialAction":[{"@type":"SearchAction","target":{"@type":"EntryPoint","urlTemplate":"https:\/\/lapalmablueexperience.com\/de\/?s={search_term_string}"},"query-input":{"@type":"PropertyValueSpecification","valueRequired":true,"valueName":"search_term_string"}}],"inLanguage":"de"},{"@type":"Organization","@id":"https:\/\/lapalmablueexperience.com\/de\/#organization","name":"Sociedad de Promoci\u00f3n y Desarrollo Econ\u00f3mico y Social de La Palma","alternateName":"SODEPAL","url":"https:\/\/lapalmablueexperience.com\/de\/","logo":{"@type":"ImageObject","inLanguage":"de","@id":"https:\/\/lapalmablueexperience.com\/de\/#\/schema\/logo\/image\/","url":"https:\/\/lapalmablueexperience.com\/wp-content\/uploads\/2025\/03\/LPBE_favicon.jpg","contentUrl":"https:\/\/lapalmablueexperience.com\/wp-content\/uploads\/2025\/03\/LPBE_favicon.jpg","width":1500,"height":1500,"caption":"Sociedad de Promoci\u00f3n y Desarrollo Econ\u00f3mico y Social de La Palma"},"image":{"@id":"https:\/\/lapalmablueexperience.com\/de\/#\/schema\/logo\/image\/"},"sameAs":["https:\/\/www.facebook.com\/p\/La-Palma-Blue-Experience-61554398215322\/","https:\/\/www.instagram.com\/lapalmabluexperience\/"]}]}},"_links":{"self":[{"href":"https:\/\/lapalmablueexperience.com\/de\/wp-json\/wp\/v2\/pages\/725","targetHints":{"allow":["GET"]}}],"collection":[{"href":"https:\/\/lapalmablueexperience.com\/de\/wp-json\/wp\/v2\/pages"}],"about":[{"href":"https:\/\/lapalmablueexperience.com\/de\/wp-json\/wp\/v2\/types\/page"}],"author":[{"embeddable":true,"href":"https:\/\/lapalmablueexperience.com\/de\/wp-json\/wp\/v2\/users\/1"}],"replies":[{"embeddable":true,"href":"https:\/\/lapalmablueexperience.com\/de\/wp-json\/wp\/v2\/comments?post=725"}],"version-history":[{"count":0,"href":"https:\/\/lapalmablueexperience.com\/de\/wp-json\/wp\/v2\/pages\/725\/revisions"}],"wp:attachment":[{"href":"https:\/\/lapalmablueexperience.com\/de\/wp-json\/wp\/v2\/media?parent=725"}],"curies":[{"name":"wp","href":"https:\/\/api.w.org\/{rel}","templated":true}]}}