{"id":720,"date":"2025-03-15T19:45:14","date_gmt":"2025-03-15T19:45:14","guid":{"rendered":"https:\/\/lustralfest.com\/kontakt\/"},"modified":"2025-09-29T14:28:48","modified_gmt":"2025-09-29T13:28:48","slug":"contact","status":"publish","type":"page","link":"https:\/\/lapalmablueexperience.com\/en\/contact\/","title":{"rendered":"Contact"},"content":{"rendered":"\t\t<div data-elementor-type=\"wp-page\" data-elementor-id=\"720\" class=\"elementor elementor-720 elementor-15\" data-elementor-post-type=\"page\">\n\t\t\t\t<div class=\"elementor-element elementor-element-50e85a29 e-flex e-con-boxed e-con e-parent\" data-id=\"50e85a29\" data-element_type=\"container\" data-settings=\"{&quot;background_background&quot;:&quot;classic&quot;}\">\n\t\t\t\t\t<div class=\"e-con-inner\">\n\t\t<div class=\"elementor-element elementor-element-6e8bba98 e-con-full e-flex e-con e-child\" data-id=\"6e8bba98\" data-element_type=\"container\" data-settings=\"{&quot;background_background&quot;:&quot;classic&quot;}\">\n\t\t\t\t<div class=\"elementor-element elementor-element-a08c0b7 elementor-widget elementor-widget-image\" data-id=\"a08c0b7\" data-element_type=\"widget\" data-widget_type=\"image.default\">\n\t\t\t\t<div class=\"elementor-widget-container\">\n\t\t\t\t\t\t\t\t\t\t\t\t\t\t\t<img fetchpriority=\"high\" decoding=\"async\" width=\"800\" height=\"306\" src=\"https:\/\/lapalmablueexperience.com\/wp-content\/uploads\/2025\/03\/LaPalmaBlueExperience_logo-1024x392.png\" class=\"attachment-large size-large wp-image-1443\" alt=\"\" srcset=\"https:\/\/lapalmablueexperience.com\/wp-content\/uploads\/2025\/03\/LaPalmaBlueExperience_logo-1024x392.png 1024w, https:\/\/lapalmablueexperience.com\/wp-content\/uploads\/2025\/03\/LaPalmaBlueExperience_logo-300x115.png 300w, https:\/\/lapalmablueexperience.com\/wp-content\/uploads\/2025\/03\/LaPalmaBlueExperience_logo-768x294.png 768w, https:\/\/lapalmablueexperience.com\/wp-content\/uploads\/2025\/03\/LaPalmaBlueExperience_logo-1536x588.png 1536w, https:\/\/lapalmablueexperience.com\/wp-content\/uploads\/2025\/03\/LaPalmaBlueExperience_logo.png 1577w\" sizes=\"(max-width: 800px) 100vw, 800px\" \/>\t\t\t\t\t\t\t\t\t\t\t\t\t\t\t<\/div>\n\t\t\t\t<\/div>\n\t\t\t\t<div class=\"elementor-element elementor-element-2c50c39a elementor-widget elementor-widget-heading\" data-id=\"2c50c39a\" data-element_type=\"widget\" data-widget_type=\"heading.default\">\n\t\t\t\t<div class=\"elementor-widget-container\">\n\t\t\t\t\t<p class=\"elementor-heading-title elementor-size-default\">Follow us on social networks<\/p>\t\t\t\t<\/div>\n\t\t\t\t<\/div>\n\t\t\t\t<div class=\"elementor-element elementor-element-387ad1ef elementor-shape-square elementor-grid-0 e-grid-align-center elementor-widget elementor-widget-social-icons\" data-id=\"387ad1ef\" data-element_type=\"widget\" data-widget_type=\"social-icons.default\">\n\t\t\t\t<div class=\"elementor-widget-container\">\n\t\t\t\t\t\t\t<div class=\"elementor-social-icons-wrapper elementor-grid\" role=\"list\">\n\t\t\t\t\t\t\t<span class=\"elementor-grid-item\" role=\"listitem\">\n\t\t\t\t\t<a class=\"elementor-icon elementor-social-icon elementor-social-icon-facebook-f elementor-repeater-item-fac13cb\" href=\"https:\/\/www.facebook.com\/p\/La-Palma-Blue-Experience-61554398215322\/\" target=\"_blank\">\n\t\t\t\t\t\t<span class=\"elementor-screen-only\">Facebook-f<\/span>\n\t\t\t\t\t\t<svg aria-hidden=\"true\" class=\"e-font-icon-svg e-fab-facebook-f\" viewBox=\"0 0 320 512\" xmlns=\"http:\/\/www.w3.org\/2000\/svg\"><path d=\"M279.14 288l14.22-92.66h-88.91v-60.13c0-25.35 12.42-50.06 52.24-50.06h40.42V6.26S260.43 0 225.36 0c-73.22 0-121.08 44.38-121.08 124.72v70.62H22.89V288h81.39v224h100.17V288z\"><\/path><\/svg>\t\t\t\t\t<\/a>\n\t\t\t\t<\/span>\n\t\t\t\t\t\t\t<span class=\"elementor-grid-item\" role=\"listitem\">\n\t\t\t\t\t<a class=\"elementor-icon elementor-social-icon elementor-social-icon-instagram elementor-repeater-item-2b24867\" href=\"https:\/\/www.instagram.com\/lapalmabluexperience\/\" target=\"_blank\">\n\t\t\t\t\t\t<span class=\"elementor-screen-only\">Instagram<\/span>\n\t\t\t\t\t\t<svg aria-hidden=\"true\" class=\"e-font-icon-svg e-fab-instagram\" viewBox=\"0 0 448 512\" xmlns=\"http:\/\/www.w3.org\/2000\/svg\"><path d=\"M224.1 141c-63.6 0-114.9 51.3-114.9 114.9s51.3 114.9 114.9 114.9S339 319.5 339 255.9 287.7 141 224.1 141zm0 189.6c-41.1 0-74.7-33.5-74.7-74.7s33.5-74.7 74.7-74.7 74.7 33.5 74.7 74.7-33.6 74.7-74.7 74.7zm146.4-194.3c0 14.9-12 26.8-26.8 26.8-14.9 0-26.8-12-26.8-26.8s12-26.8 26.8-26.8 26.8 12 26.8 26.8zm76.1 27.2c-1.7-35.9-9.9-67.7-36.2-93.9-26.2-26.2-58-34.4-93.9-36.2-37-2.1-147.9-2.1-184.9 0-35.8 1.7-67.6 9.9-93.9 36.1s-34.4 58-36.2 93.9c-2.1 37-2.1 147.9 0 184.9 1.7 35.9 9.9 67.7 36.2 93.9s58 34.4 93.9 36.2c37 2.1 147.9 2.1 184.9 0 35.9-1.7 67.7-9.9 93.9-36.2 26.2-26.2 34.4-58 36.2-93.9 2.1-37 2.1-147.8 0-184.8zM398.8 388c-7.8 19.6-22.9 34.7-42.6 42.6-29.5 11.7-99.5 9-132.1 9s-102.7 2.6-132.1-9c-19.6-7.8-34.7-22.9-42.6-42.6-11.7-29.5-9-99.5-9-132.1s-2.6-102.7 9-132.1c7.8-19.6 22.9-34.7 42.6-42.6 29.5-11.7 99.5-9 132.1-9s102.7-2.6 132.1 9c19.6 7.8 34.7 22.9 42.6 42.6 11.7 29.5 9 99.5 9 132.1s2.7 102.7-9 132.1z\"><\/path><\/svg>\t\t\t\t\t<\/a>\n\t\t\t\t<\/span>\n\t\t\t\t\t<\/div>\n\t\t\t\t\t\t<\/div>\n\t\t\t\t<\/div>\n\t\t\t\t<\/div>\n\t\t<div class=\"elementor-element elementor-element-31557eb8 e-con-full e-flex e-con e-child\" data-id=\"31557eb8\" data-element_type=\"container\" data-settings=\"{&quot;background_background&quot;:&quot;classic&quot;}\">\n\t\t\t\t<div class=\"elementor-element elementor-element-93a3674 eael-wpforms-form-button-full-width elementor-widget elementor-widget-eael-wpforms\" data-id=\"93a3674\" data-element_type=\"widget\" data-widget_type=\"eael-wpforms.default\">\n\t\t\t\t<div class=\"elementor-widget-container\">\n\t\t\t\t\t            <div class=\"eael-contact-form eael-wpforms eael-wpforms-align-default\">\n                                <div class=\"wpforms-container wpforms-container-full wpforms-render-modern\" id=\"wpforms-823\"><form id=\"wpforms-form-823\" class=\"wpforms-validate wpforms-form wpforms-ajax-form\" data-formid=\"823\" method=\"post\" enctype=\"multipart\/form-data\" action=\"\/en\/wp-json\/wp\/v2\/pages\/720\" data-token=\"c3301d2505dd8f60210dd35ae5756057\" data-token-time=\"1776035892\"><noscript class=\"wpforms-error-noscript\">Please enable JavaScript in your browser to complete this form.<\/noscript><div class=\"wpforms-hidden\" id=\"wpforms-error-noscript\">Please enable JavaScript in your browser to complete this form.<\/div><div class=\"wpforms-field-container\"><div id=\"wpforms-823-field_1-container\" class=\"wpforms-field wpforms-field-name\" data-field-id=\"1\"><fieldset><legend class=\"wpforms-field-label\">Name <span class=\"wpforms-required-label\" aria-hidden=\"true\">*<\/span><\/legend><div class=\"wpforms-field-row wpforms-field-medium\"><div class=\"wpforms-field-row-block wpforms-first wpforms-one-half\"><input type=\"text\" id=\"wpforms-823-field_1\" class=\"wpforms-field-name-first wpforms-field-required\" name=\"wpforms[fields][1][first]\" placeholder=\"Name\" aria-errormessage=\"wpforms-823-field_1-error\" required><label for=\"wpforms-823-field_1\" class=\"wpforms-field-sublabel after wpforms-sublabel-hide\">Nombre<\/label><\/div><div class=\"wpforms-field-row-block wpforms-one-half\"><input type=\"text\" id=\"wpforms-823-field_1-last\" class=\"wpforms-field-name-last wpforms-field-required\" name=\"wpforms[fields][1][last]\" placeholder=\"Surname\" aria-errormessage=\"wpforms-823-field_1-last-error\" required><label for=\"wpforms-823-field_1-last\" class=\"wpforms-field-sublabel after wpforms-sublabel-hide\">Apellidos<\/label><\/div><\/div><\/fieldset><\/div><div id=\"wpforms-823-field_5-container\" class=\"wpforms-field wpforms-field-email\" data-field-id=\"5\"><label class=\"wpforms-field-label\" for=\"wpforms-823-field_5\">Email <span class=\"wpforms-required-label\" aria-hidden=\"true\">*<\/span><\/label><input type=\"email\" id=\"wpforms-823-field_5\" class=\"wpforms-field-medium wpforms-field-required\" name=\"wpforms[fields][5]\" placeholder=\"Email\" spellcheck=\"false\" aria-errormessage=\"wpforms-823-field_5-error\" required><\/div><div id=\"wpforms-823-field_6-container\" class=\"wpforms-field wpforms-field-text\" data-field-id=\"6\"><label class=\"wpforms-field-label\" for=\"wpforms-823-field_6\">Phone<\/label><input type=\"text\" id=\"wpforms-823-field_6\" class=\"wpforms-field-medium\" name=\"wpforms[fields][6]\" placeholder=\"--- --- ---\" aria-errormessage=\"wpforms-823-field_6-error\" aria-describedby=\"wpforms-823-field_6-description\" ><div id=\"wpforms-823-field_6-description\" class=\"wpforms-field-description\">Enter your phone number<\/div><\/div><div id=\"wpforms-823-field_3-container\" class=\"wpforms-field wpforms-field-textarea\" data-field-id=\"3\"><label class=\"wpforms-field-label\" for=\"wpforms-823-field_3\">Comment or message <span class=\"wpforms-required-label\" aria-hidden=\"true\">*<\/span><\/label><textarea id=\"wpforms-823-field_3\" class=\"wpforms-field-medium wpforms-field-required\" name=\"wpforms[fields][3]\" placeholder=\"Send us your question or comment\" aria-errormessage=\"wpforms-823-field_3-error\" required><\/textarea><\/div><div id=\"wpforms-823-field_7-container\" class=\"wpforms-field wpforms-field-checkbox\" data-field-id=\"7\"><fieldset><legend class=\"wpforms-field-label wpforms-label-hide\" aria-hidden=\"false\">Casillas de verificaci\u00f3n <span class=\"wpforms-required-label\" aria-hidden=\"true\">*<\/span><\/legend><ul id=\"wpforms-823-field_7\" class=\"wpforms-field-required\"><li class=\"choice-1 depth-1\"><input type=\"checkbox\" id=\"wpforms-823-field_7_1\" name=\"wpforms[fields][7][]\" value=\"I accept the terms and conditions of &lt;a style=&quot;color:#000;&quot; target=&quot;_blank&quot; href=&quot;\/en\/legal-notice\/&quot;&gt;the privacy policy&lt;\/a&gt;\" aria-errormessage=\"wpforms-823-field_7_1-error\" required ><label class=\"wpforms-field-label-inline\" for=\"wpforms-823-field_7_1\">I accept the terms and conditions of <a style=\"color:#000\" target=\"_blank\" href=\"\/en\/legal-notice\/\">the privacy policy<\/a><\/label><\/li><\/ul><\/fieldset><\/div><\/div><!-- .wpforms-field-container --><div class=\"wpforms-submit-container\" ><input type=\"hidden\" name=\"wpforms[id]\" value=\"823\"><input type=\"hidden\" name=\"page_title\" value=\"\"><input type=\"hidden\" name=\"page_url\" value=\"https:\/\/lapalmablueexperience.com\/en\/wp-json\/wp\/v2\/pages\/720\"><button type=\"submit\" name=\"wpforms[submit]\" id=\"wpforms-submit-823\" class=\"wpforms-submit\" data-alt-text=\"Sending...\" data-submit-text=\"Send\" aria-live=\"assertive\" value=\"wpforms-submit\">Send<\/button><img decoding=\"async\" src=\"https:\/\/lapalmablueexperience.com\/wp-content\/plugins\/wpforms\/assets\/images\/submit-spin.svg\" class=\"wpforms-submit-spinner\" style=\"display: none;\" width=\"26\" height=\"26\" alt=\"Loading\"><\/div><\/form><\/div>  <!-- .wpforms-container -->            <\/div>\n\t\t\t\t<\/div>\n\t\t\t\t<\/div>\n\t\t\t\t<\/div>\n\t\t\t\t\t<\/div>\n\t\t\t\t<\/div>\n\t\t\t\t<\/div>\n\t\t","protected":false},"excerpt":{"rendered":"<p>Follow us on social networks Facebook-f Instagram Por favor, activa JavaScript en tu navegador para completar este formulario.Por favor, activa JavaScript en tu navegador para completar este formulario. Name * NombreApellidos Email *PhoneEnter your phone numberComment or message * Casillas de verificaci\u00f3n * I accept the terms and conditions of the privacy policy Send<\/p>\n","protected":false},"author":1,"featured_media":0,"parent":0,"menu_order":0,"comment_status":"closed","ping_status":"closed","template":"","meta":{"footnotes":""},"class_list":["post-720","page","type-page","status-publish","hentry"],"yoast_head":"<!-- This site is optimized with the Yoast SEO plugin v26.7 - https:\/\/yoast.com\/wordpress\/plugins\/seo\/ -->\n<title>Contact - La Palma Blue Experience<\/title>\n<meta name=\"description\" content=\"Send us your questions or comments about La Palma Blue Experience\" \/>\n<meta name=\"robots\" content=\"index, follow, max-snippet:-1, max-image-preview:large, max-video-preview:-1\" \/>\n<link rel=\"canonical\" href=\"https:\/\/lapalmablueexperience.com\/en\/contact\/\" \/>\n<meta property=\"og:locale\" content=\"en_US\" \/>\n<meta property=\"og:type\" content=\"article\" \/>\n<meta property=\"og:title\" content=\"Contact - La Palma Blue Experience\" \/>\n<meta property=\"og:description\" content=\"Send us your questions or comments about La Palma Blue Experience\" \/>\n<meta property=\"og:url\" content=\"https:\/\/lapalmablueexperience.com\/en\/contact\/\" \/>\n<meta property=\"og:site_name\" content=\"La Palma Blue Experience\" \/>\n<meta property=\"article:publisher\" content=\"https:\/\/www.facebook.com\/p\/La-Palma-Blue-Experience-61554398215322\/\" \/>\n<meta property=\"article:modified_time\" content=\"2025-09-29T13:28:48+00:00\" \/>\n<meta property=\"og:image\" content=\"https:\/\/lapalmablueexperience.com\/wp-content\/uploads\/2025\/03\/LaPalmaBlueExperience_logo-1024x392.png\" \/>\n<meta name=\"twitter:card\" content=\"summary_large_image\" \/>\n<meta name=\"twitter:label1\" content=\"Est. reading time\" \/>\n\t<meta name=\"twitter:data1\" content=\"1 minute\" \/>\n<script type=\"application\/ld+json\" class=\"yoast-schema-graph\">{\"@context\":\"https:\/\/schema.org\",\"@graph\":[{\"@type\":\"WebPage\",\"@id\":\"https:\/\/lapalmablueexperience.com\/en\/contact\/\",\"url\":\"https:\/\/lapalmablueexperience.com\/en\/contact\/\",\"name\":\"Contact - La Palma Blue Experience\",\"isPartOf\":{\"@id\":\"https:\/\/lapalmablueexperience.com\/de\/#website\"},\"primaryImageOfPage\":{\"@id\":\"https:\/\/lapalmablueexperience.com\/en\/contact\/#primaryimage\"},\"image\":{\"@id\":\"https:\/\/lapalmablueexperience.com\/en\/contact\/#primaryimage\"},\"thumbnailUrl\":\"https:\/\/lapalmablueexperience.com\/wp-content\/uploads\/2025\/03\/LaPalmaBlueExperience_logo-1024x392.png\",\"datePublished\":\"2025-03-15T19:45:14+00:00\",\"dateModified\":\"2025-09-29T13:28:48+00:00\",\"description\":\"Send us your questions or comments about La Palma Blue Experience\",\"breadcrumb\":{\"@id\":\"https:\/\/lapalmablueexperience.com\/en\/contact\/#breadcrumb\"},\"inLanguage\":\"en-US\",\"potentialAction\":[{\"@type\":\"ReadAction\",\"target\":[\"https:\/\/lapalmablueexperience.com\/en\/contact\/\"]}]},{\"@type\":\"ImageObject\",\"inLanguage\":\"en-US\",\"@id\":\"https:\/\/lapalmablueexperience.com\/en\/contact\/#primaryimage\",\"url\":\"https:\/\/lapalmablueexperience.com\/wp-content\/uploads\/2025\/03\/LaPalmaBlueExperience_logo-1024x392.png\",\"contentUrl\":\"https:\/\/lapalmablueexperience.com\/wp-content\/uploads\/2025\/03\/LaPalmaBlueExperience_logo-1024x392.png\"},{\"@type\":\"BreadcrumbList\",\"@id\":\"https:\/\/lapalmablueexperience.com\/en\/contact\/#breadcrumb\",\"itemListElement\":[{\"@type\":\"ListItem\",\"position\":1,\"name\":\"Portada\",\"item\":\"https:\/\/lapalmablueexperience.com\/en\/\"},{\"@type\":\"ListItem\",\"position\":2,\"name\":\"Contact\"}]},{\"@type\":\"WebSite\",\"@id\":\"https:\/\/lapalmablueexperience.com\/de\/#website\",\"url\":\"https:\/\/lapalmablueexperience.com\/de\/\",\"name\":\"La Palma Blue Experience\",\"description\":\"Festival musical de dos d\u00edas incluido dentro de la Fiesta de Inter\u00e9s Tur\u00edstico Nacional de la Bajada de la Virgen de las NTwo-day music festival included in the Festival of National Tourist Interest of the Bajada de la Virgen de las Nieves.ieves\",\"publisher\":{\"@id\":\"https:\/\/lapalmablueexperience.com\/de\/#organization\"},\"alternateName\":\"Lustral Fest\",\"potentialAction\":[{\"@type\":\"SearchAction\",\"target\":{\"@type\":\"EntryPoint\",\"urlTemplate\":\"https:\/\/lapalmablueexperience.com\/de\/?s={search_term_string}\"},\"query-input\":{\"@type\":\"PropertyValueSpecification\",\"valueRequired\":true,\"valueName\":\"search_term_string\"}}],\"inLanguage\":\"en-US\"},{\"@type\":\"Organization\",\"@id\":\"https:\/\/lapalmablueexperience.com\/de\/#organization\",\"name\":\"Sociedad de Promoci\u00f3n y Desarrollo Econ\u00f3mico y Social de La Palma\",\"alternateName\":\"SODEPAL\",\"url\":\"https:\/\/lapalmablueexperience.com\/de\/\",\"logo\":{\"@type\":\"ImageObject\",\"inLanguage\":\"en-US\",\"@id\":\"https:\/\/lapalmablueexperience.com\/de\/#\/schema\/logo\/image\/\",\"url\":\"https:\/\/lapalmablueexperience.com\/wp-content\/uploads\/2025\/03\/LPBE_favicon.jpg\",\"contentUrl\":\"https:\/\/lapalmablueexperience.com\/wp-content\/uploads\/2025\/03\/LPBE_favicon.jpg\",\"width\":1500,\"height\":1500,\"caption\":\"Sociedad de Promoci\u00f3n y Desarrollo Econ\u00f3mico y Social de La Palma\"},\"image\":{\"@id\":\"https:\/\/lapalmablueexperience.com\/de\/#\/schema\/logo\/image\/\"},\"sameAs\":[\"https:\/\/www.facebook.com\/p\/La-Palma-Blue-Experience-61554398215322\/\",\"https:\/\/www.instagram.com\/lapalmabluexperience\/\"]}]}<\/script>\n<!-- \/ Yoast SEO plugin. -->","yoast_head_json":{"title":"Contact - La Palma Blue Experience","description":"Send us your questions or comments about La Palma Blue Experience","robots":{"index":"index","follow":"follow","max-snippet":"max-snippet:-1","max-image-preview":"max-image-preview:large","max-video-preview":"max-video-preview:-1"},"canonical":"https:\/\/lapalmablueexperience.com\/en\/contact\/","og_locale":"en_US","og_type":"article","og_title":"Contact - La Palma Blue Experience","og_description":"Send us your questions or comments about La Palma Blue Experience","og_url":"https:\/\/lapalmablueexperience.com\/en\/contact\/","og_site_name":"La Palma Blue Experience","article_publisher":"https:\/\/www.facebook.com\/p\/La-Palma-Blue-Experience-61554398215322\/","article_modified_time":"2025-09-29T13:28:48+00:00","og_image":[{"url":"https:\/\/lapalmablueexperience.com\/wp-content\/uploads\/2025\/03\/LaPalmaBlueExperience_logo-1024x392.png","type":"","width":"","height":""}],"twitter_card":"summary_large_image","twitter_misc":{"Est. reading time":"1 minute"},"schema":{"@context":"https:\/\/schema.org","@graph":[{"@type":"WebPage","@id":"https:\/\/lapalmablueexperience.com\/en\/contact\/","url":"https:\/\/lapalmablueexperience.com\/en\/contact\/","name":"Contact - La Palma Blue Experience","isPartOf":{"@id":"https:\/\/lapalmablueexperience.com\/de\/#website"},"primaryImageOfPage":{"@id":"https:\/\/lapalmablueexperience.com\/en\/contact\/#primaryimage"},"image":{"@id":"https:\/\/lapalmablueexperience.com\/en\/contact\/#primaryimage"},"thumbnailUrl":"https:\/\/lapalmablueexperience.com\/wp-content\/uploads\/2025\/03\/LaPalmaBlueExperience_logo-1024x392.png","datePublished":"2025-03-15T19:45:14+00:00","dateModified":"2025-09-29T13:28:48+00:00","description":"Send us your questions or comments about La Palma Blue Experience","breadcrumb":{"@id":"https:\/\/lapalmablueexperience.com\/en\/contact\/#breadcrumb"},"inLanguage":"en-US","potentialAction":[{"@type":"ReadAction","target":["https:\/\/lapalmablueexperience.com\/en\/contact\/"]}]},{"@type":"ImageObject","inLanguage":"en-US","@id":"https:\/\/lapalmablueexperience.com\/en\/contact\/#primaryimage","url":"https:\/\/lapalmablueexperience.com\/wp-content\/uploads\/2025\/03\/LaPalmaBlueExperience_logo-1024x392.png","contentUrl":"https:\/\/lapalmablueexperience.com\/wp-content\/uploads\/2025\/03\/LaPalmaBlueExperience_logo-1024x392.png"},{"@type":"BreadcrumbList","@id":"https:\/\/lapalmablueexperience.com\/en\/contact\/#breadcrumb","itemListElement":[{"@type":"ListItem","position":1,"name":"Portada","item":"https:\/\/lapalmablueexperience.com\/en\/"},{"@type":"ListItem","position":2,"name":"Contact"}]},{"@type":"WebSite","@id":"https:\/\/lapalmablueexperience.com\/de\/#website","url":"https:\/\/lapalmablueexperience.com\/de\/","name":"La Palma Blue Experience","description":"Festival musical de dos d\u00edas incluido dentro de la Fiesta de Inter\u00e9s Tur\u00edstico Nacional de la Bajada de la Virgen de las NTwo-day music festival included in the Festival of National Tourist Interest of the Bajada de la Virgen de las Nieves.ieves","publisher":{"@id":"https:\/\/lapalmablueexperience.com\/de\/#organization"},"alternateName":"Lustral Fest","potentialAction":[{"@type":"SearchAction","target":{"@type":"EntryPoint","urlTemplate":"https:\/\/lapalmablueexperience.com\/de\/?s={search_term_string}"},"query-input":{"@type":"PropertyValueSpecification","valueRequired":true,"valueName":"search_term_string"}}],"inLanguage":"en-US"},{"@type":"Organization","@id":"https:\/\/lapalmablueexperience.com\/de\/#organization","name":"Sociedad de Promoci\u00f3n y Desarrollo Econ\u00f3mico y Social de La Palma","alternateName":"SODEPAL","url":"https:\/\/lapalmablueexperience.com\/de\/","logo":{"@type":"ImageObject","inLanguage":"en-US","@id":"https:\/\/lapalmablueexperience.com\/de\/#\/schema\/logo\/image\/","url":"https:\/\/lapalmablueexperience.com\/wp-content\/uploads\/2025\/03\/LPBE_favicon.jpg","contentUrl":"https:\/\/lapalmablueexperience.com\/wp-content\/uploads\/2025\/03\/LPBE_favicon.jpg","width":1500,"height":1500,"caption":"Sociedad de Promoci\u00f3n y Desarrollo Econ\u00f3mico y Social de La Palma"},"image":{"@id":"https:\/\/lapalmablueexperience.com\/de\/#\/schema\/logo\/image\/"},"sameAs":["https:\/\/www.facebook.com\/p\/La-Palma-Blue-Experience-61554398215322\/","https:\/\/www.instagram.com\/lapalmabluexperience\/"]}]}},"_links":{"self":[{"href":"https:\/\/lapalmablueexperience.com\/en\/wp-json\/wp\/v2\/pages\/720","targetHints":{"allow":["GET"]}}],"collection":[{"href":"https:\/\/lapalmablueexperience.com\/en\/wp-json\/wp\/v2\/pages"}],"about":[{"href":"https:\/\/lapalmablueexperience.com\/en\/wp-json\/wp\/v2\/types\/page"}],"author":[{"embeddable":true,"href":"https:\/\/lapalmablueexperience.com\/en\/wp-json\/wp\/v2\/users\/1"}],"replies":[{"embeddable":true,"href":"https:\/\/lapalmablueexperience.com\/en\/wp-json\/wp\/v2\/comments?post=720"}],"version-history":[{"count":0,"href":"https:\/\/lapalmablueexperience.com\/en\/wp-json\/wp\/v2\/pages\/720\/revisions"}],"wp:attachment":[{"href":"https:\/\/lapalmablueexperience.com\/en\/wp-json\/wp\/v2\/media?parent=720"}],"curies":[{"name":"wp","href":"https:\/\/api.w.org\/{rel}","templated":true}]}}