{"id":721,"date":"2025-03-15T19:45:01","date_gmt":"2025-03-15T19:45:01","guid":{"rendered":"https:\/\/lustralfest.com\/accessibility\/"},"modified":"2025-09-29T19:48:31","modified_gmt":"2025-09-29T18:48:31","slug":"sustainability","status":"publish","type":"page","link":"https:\/\/lapalmablueexperience.com\/en\/sustainability\/","title":{"rendered":"Sustainability"},"content":{"rendered":"\t\t<div data-elementor-type=\"wp-page\" data-elementor-id=\"721\" class=\"elementor elementor-721 elementor-13\" data-elementor-post-type=\"page\">\n\t\t\t\t\t\t<section class=\"elementor-section elementor-top-section elementor-element elementor-element-f62a5ae elementor-section-stretched elementor-section-boxed elementor-section-height-default elementor-section-height-default\" data-id=\"f62a5ae\" data-element_type=\"section\" data-settings=\"{&quot;background_background&quot;:&quot;classic&quot;,&quot;stretch_section&quot;:&quot;section-stretched&quot;,&quot;shape_divider_top&quot;:&quot;pyramids&quot;}\">\n\t\t\t\t\t\t\t<div class=\"elementor-background-overlay\"><\/div>\n\t\t\t\t\t\t<div class=\"elementor-shape elementor-shape-top\" aria-hidden=\"true\" data-negative=\"false\">\n\t\t\t<svg xmlns=\"http:\/\/www.w3.org\/2000\/svg\" viewBox=\"0 0 1000 100\" preserveAspectRatio=\"none\">\n\t<path class=\"elementor-shape-fill\" d=\"M761.9,44.1L643.1,27.2L333.8,98L0,3.8V0l1000,0v3.9\"\/>\n<\/svg>\t\t<\/div>\n\t\t\t\t\t<div class=\"elementor-container elementor-column-gap-no\">\n\t\t\t\t\t<div class=\"elementor-column elementor-col-100 elementor-top-column elementor-element elementor-element-e927744\" data-id=\"e927744\" data-element_type=\"column\">\n\t\t\t<div class=\"elementor-widget-wrap elementor-element-populated\">\n\t\t\t\t<div class=\"elementor-element elementor-element-8cdf872 e-con-full e-flex e-con e-parent\" data-id=\"8cdf872\" data-element_type=\"container\">\n\t\t<div class=\"elementor-element elementor-element-61224c0 e-con-full e-flex e-con e-child\" data-id=\"61224c0\" data-element_type=\"container\" data-settings=\"{&quot;background_background&quot;:&quot;classic&quot;}\">\n\t\t\t\t<div class=\"elementor-element elementor-element-6006607 elementor-widget elementor-widget-image\" data-id=\"6006607\" data-element_type=\"widget\" data-widget_type=\"image.default\">\n\t\t\t\t<div class=\"elementor-widget-container\">\n\t\t\t\t\t\t\t\t\t\t\t\t\t\t\t<img decoding=\"async\" width=\"300\" height=\"115\" src=\"https:\/\/lapalmablueexperience.com\/wp-content\/uploads\/2025\/03\/LaPalmaBlueExperience_logo-300x115.png\" class=\"attachment-medium size-medium wp-image-1443\" alt=\"\" srcset=\"https:\/\/lapalmablueexperience.com\/wp-content\/uploads\/2025\/03\/LaPalmaBlueExperience_logo-300x115.png 300w, https:\/\/lapalmablueexperience.com\/wp-content\/uploads\/2025\/03\/LaPalmaBlueExperience_logo-1024x392.png 1024w, https:\/\/lapalmablueexperience.com\/wp-content\/uploads\/2025\/03\/LaPalmaBlueExperience_logo-768x294.png 768w, https:\/\/lapalmablueexperience.com\/wp-content\/uploads\/2025\/03\/LaPalmaBlueExperience_logo-1536x588.png 1536w, https:\/\/lapalmablueexperience.com\/wp-content\/uploads\/2025\/03\/LaPalmaBlueExperience_logo.png 1577w\" sizes=\"(max-width: 300px) 100vw, 300px\" \/>\t\t\t\t\t\t\t\t\t\t\t\t\t\t\t<\/div>\n\t\t\t\t<\/div>\n\t\t\t\t<div class=\"elementor-element elementor-element-19986de animated-slow elementor-widget elementor-widget-heading\" data-id=\"19986de\" data-element_type=\"widget\" data-settings=\"{&quot;_animation&quot;:&quot;none&quot;}\" data-widget_type=\"heading.default\">\n\t\t\t\t<div class=\"elementor-widget-container\">\n\t\t\t\t\t<h2 class=\"elementor-heading-title elementor-size-default\">Sustainability Policy<\/h2>\t\t\t\t<\/div>\n\t\t\t\t<\/div>\n\t\t\t\t<\/div>\n\t\t<div class=\"elementor-element elementor-element-f482631 e-con-full e-flex elementor-invisible e-con e-child\" data-id=\"f482631\" data-element_type=\"container\" data-settings=\"{&quot;background_background&quot;:&quot;classic&quot;,&quot;animation&quot;:&quot;fadeInRight&quot;}\">\n\t\t\t\t<div class=\"elementor-element elementor-element-1b17723 elementor-widget elementor-widget-text-editor\" data-id=\"1b17723\" data-element_type=\"widget\" data-widget_type=\"text-editor.default\">\n\t\t\t\t<div class=\"elementor-widget-container\">\n\t\t\t\t\t\t\t\t\t<p>At <strong>LA PALMA BLUE<\/strong>, we are aware that, even though it is a temporary event, we can have an impact on the environment. That is why we have planned and developed it based on the values of sustainability, sharing our commitment to the Sustainable Development Goals (SDGs).<\/p><p>Therefore, through this festival, we promote the island of La Palma to attract conscious tourists who seek to enjoy natural environments, learn about La Palma&#8217;s culture, and share experiences while enjoying good music, as another channel for sustainability and the blue economy.<\/p><p>LA <strong>PALMA BLUE<\/strong> therefore maintains its sustainability policy in all phases (pre-event, event, and post-event) in order to:<\/p><ul><li>Ensure compliance with the requirements of applicable legislation and other aspects considered by the Organization.<\/li><li>Prevent pollution in the environmental effects caused by operations and activities.<\/li><li>Improve the experience and satisfaction of the public, workers, and sponsoring entities.<\/li><li>Develop socially conscious cultural tourism that values local identities and landscape biodiversity, and takes responsibility for the impact of visits to the island.<\/li><li>Provide transparency and communication to all stakeholders.<\/li><li>Evaluate the results obtained and promote all measures within your power to minimize the impacts generated, in pursuit of continuous improvement.<\/li><\/ul>\t\t\t\t\t\t\t\t<\/div>\n\t\t\t\t<\/div>\n\t\t\t\t<\/div>\n\t\t\t\t<\/div>\n\t\t\t\t\t<\/div>\n\t\t<\/div>\n\t\t\t\t\t<\/div>\n\t\t<\/section>\n\t\t<div class=\"elementor-element elementor-element-931280d e-flex e-con-boxed e-con e-parent\" data-id=\"931280d\" data-element_type=\"container\">\n\t\t\t\t\t<div class=\"e-con-inner\">\n\t\t\t\t<div class=\"elementor-element elementor-element-0f428e7 elementor-widget__width-inherit elementor-widget elementor-widget-heading\" data-id=\"0f428e7\" data-element_type=\"widget\" data-widget_type=\"heading.default\">\n\t\t\t\t<div class=\"elementor-widget-container\">\n\t\t\t\t\t<h4 class=\"elementor-heading-title elementor-size-default\">AMONG OUR MOST NOTABLE ACTIONS ARE:<\/h4>\t\t\t\t<\/div>\n\t\t\t\t<\/div>\n\t\t\t\t<div class=\"elementor-element elementor-element-f82ec62 elementor-invisible elementor-widget elementor-widget-icon-box\" data-id=\"f82ec62\" data-element_type=\"widget\" data-settings=\"{&quot;_animation&quot;:&quot;fadeInLeft&quot;}\" data-widget_type=\"icon-box.default\">\n\t\t\t\t<div class=\"elementor-widget-container\">\n\t\t\t\t\t\t\t<div class=\"elementor-icon-box-wrapper\">\n\n\t\t\t\n\t\t\t\t\t\t<div class=\"elementor-icon-box-content\">\n\n\t\t\t\t\t\t\t\t\t<p class=\"elementor-icon-box-title\">\n\t\t\t\t\t\t<span  >\n\t\t\t\t\t\t\t1\t\t\t\t\t\t<\/span>\n\t\t\t\t\t<\/p>\n\t\t\t\t\n\t\t\t\t\t\t\t\t\t<p class=\"elementor-icon-box-description\">\n\t\t\t\t\t\tPromoting La Palma's resources and potential as a tourist destination.\t\t\t\t\t<\/p>\n\t\t\t\t\n\t\t\t<\/div>\n\t\t\t\n\t\t<\/div>\n\t\t\t\t\t\t<\/div>\n\t\t\t\t<\/div>\n\t\t\t\t<div class=\"elementor-element elementor-element-7c412f2 elementor-invisible elementor-widget elementor-widget-icon-box\" data-id=\"7c412f2\" data-element_type=\"widget\" data-settings=\"{&quot;_animation&quot;:&quot;fadeInLeft&quot;}\" data-widget_type=\"icon-box.default\">\n\t\t\t\t<div class=\"elementor-widget-container\">\n\t\t\t\t\t\t\t<div class=\"elementor-icon-box-wrapper\">\n\n\t\t\t\n\t\t\t\t\t\t<div class=\"elementor-icon-box-content\">\n\n\t\t\t\t\t\t\t\t\t<h4 class=\"elementor-icon-box-title\">\n\t\t\t\t\t\t<span  >\n\t\t\t\t\t\t\t2\t\t\t\t\t\t<\/span>\n\t\t\t\t\t<\/h4>\n\t\t\t\t\n\t\t\t\t\t\t\t\t\t<p class=\"elementor-icon-box-description\">\n\t\t\t\t\t\tThe waste management plan with selective waste collection and exclusive transport allows for traceability to be demonstrated for subsequent recycling and composting.\t\t\t\t\t<\/p>\n\t\t\t\t\n\t\t\t<\/div>\n\t\t\t\n\t\t<\/div>\n\t\t\t\t\t\t<\/div>\n\t\t\t\t<\/div>\n\t\t\t\t<div class=\"elementor-element elementor-element-bbf8603 elementor-invisible elementor-widget elementor-widget-icon-box\" data-id=\"bbf8603\" data-element_type=\"widget\" data-settings=\"{&quot;_animation&quot;:&quot;fadeInLeft&quot;}\" data-widget_type=\"icon-box.default\">\n\t\t\t\t<div class=\"elementor-widget-container\">\n\t\t\t\t\t\t\t<div class=\"elementor-icon-box-wrapper\">\n\n\t\t\t\n\t\t\t\t\t\t<div class=\"elementor-icon-box-content\">\n\n\t\t\t\t\t\t\t\t\t<p class=\"elementor-icon-box-title\">\n\t\t\t\t\t\t<span  >\n\t\t\t\t\t\t\t3\t\t\t\t\t\t<\/span>\n\t\t\t\t\t<\/p>\n\t\t\t\t\n\t\t\t\t\t\t\t\t\t<p class=\"elementor-icon-box-description\">\n\t\t\t\t\t\tThe promotion of sustainable mobility and carbon footprint calculation, among others.\t\t\t\t\t<\/p>\n\t\t\t\t\n\t\t\t<\/div>\n\t\t\t\n\t\t<\/div>\n\t\t\t\t\t\t<\/div>\n\t\t\t\t<\/div>\n\t\t\t\t<div class=\"elementor-element elementor-element-9329414 elementor-invisible elementor-widget elementor-widget-icon-box\" data-id=\"9329414\" data-element_type=\"widget\" data-settings=\"{&quot;_animation&quot;:&quot;fadeInLeft&quot;}\" data-widget_type=\"icon-box.default\">\n\t\t\t\t<div class=\"elementor-widget-container\">\n\t\t\t\t\t\t\t<div class=\"elementor-icon-box-wrapper\">\n\n\t\t\t\n\t\t\t\t\t\t<div class=\"elementor-icon-box-content\">\n\n\t\t\t\t\t\t\t\t\t<h4 class=\"elementor-icon-box-title\">\n\t\t\t\t\t\t<span  >\n\t\t\t\t\t\t\t4\t\t\t\t\t\t<\/span>\n\t\t\t\t\t<\/h4>\n\t\t\t\t\n\t\t\t\t\t\t\t\t\t<p class=\"elementor-icon-box-description\">\n\t\t\t\t\t\tBoosting the blue economy\t\t\t\t\t<\/p>\n\t\t\t\t\n\t\t\t<\/div>\n\t\t\t\n\t\t<\/div>\n\t\t\t\t\t\t<\/div>\n\t\t\t\t<\/div>\n\t\t\t\t<div class=\"elementor-element elementor-element-d30f3e8 elementor-widget__width-inherit elementor-widget elementor-widget-heading\" data-id=\"d30f3e8\" data-element_type=\"widget\" data-widget_type=\"heading.default\">\n\t\t\t\t<div class=\"elementor-widget-container\">\n\t\t\t\t\t<h4 class=\"elementor-heading-title elementor-size-default\">Links of interest<\/h4>\t\t\t\t<\/div>\n\t\t\t\t<\/div>\n\t\t\t\t\t<\/div>\n\t\t\t\t<\/div>\n\t\t<div class=\"elementor-element elementor-element-dbdd89c e-flex e-con-boxed elementor-invisible e-con e-parent\" data-id=\"dbdd89c\" data-element_type=\"container\" data-settings=\"{&quot;animation&quot;:&quot;fadeInUp&quot;}\">\n\t\t\t\t\t<div class=\"e-con-inner\">\n\t\t<div class=\"elementor-element elementor-element-e8e2406 e-con-full e-flex e-con e-child\" data-id=\"e8e2406\" data-element_type=\"container\">\n\t\t\t\t<div class=\"elementor-element elementor-element-c36269e elementor-view-stacked elementor-shape-rounded elementor-position-block-start elementor-mobile-position-block-start elementor-widget elementor-widget-icon-box\" data-id=\"c36269e\" data-element_type=\"widget\" data-widget_type=\"icon-box.default\">\n\t\t\t\t<div class=\"elementor-widget-container\">\n\t\t\t\t\t\t\t<div class=\"elementor-icon-box-wrapper\">\n\n\t\t\t\t\t\t<div class=\"elementor-icon-box-icon\">\n\t\t\t\t<a href=\"https:\/\/visitlapalma.es\/\" target=\"_blank\" class=\"elementor-icon\" tabindex=\"-1\" aria-label=\"Visit La Palma\">\n\t\t\t\t<svg aria-hidden=\"true\" class=\"e-font-icon-svg e-fas-external-link-alt\" viewBox=\"0 0 512 512\" xmlns=\"http:\/\/www.w3.org\/2000\/svg\"><path d=\"M432,320H400a16,16,0,0,0-16,16V448H64V128H208a16,16,0,0,0,16-16V80a16,16,0,0,0-16-16H48A48,48,0,0,0,0,112V464a48,48,0,0,0,48,48H400a48,48,0,0,0,48-48V336A16,16,0,0,0,432,320ZM488,0h-128c-21.37,0-32.05,25.91-17,41l35.73,35.73L135,320.37a24,24,0,0,0,0,34L157.67,377a24,24,0,0,0,34,0L435.28,133.32,471,169c15,15,41,4.5,41-17V24A24,24,0,0,0,488,0Z\"><\/path><\/svg>\t\t\t\t<\/a>\n\t\t\t<\/div>\n\t\t\t\n\t\t\t\t\t\t<div class=\"elementor-icon-box-content\">\n\n\t\t\t\t\t\t\t\t\t<h4 class=\"elementor-icon-box-title\">\n\t\t\t\t\t\t<a href=\"https:\/\/visitlapalma.es\/\" target=\"_blank\" >\n\t\t\t\t\t\t\tVisit La Palma\t\t\t\t\t\t<\/a>\n\t\t\t\t\t<\/h4>\n\t\t\t\t\n\t\t\t\t\n\t\t\t<\/div>\n\t\t\t\n\t\t<\/div>\n\t\t\t\t\t\t<\/div>\n\t\t\t\t<\/div>\n\t\t\t\t<\/div>\n\t\t<div class=\"elementor-element elementor-element-6d2377c e-con-full e-flex e-con e-child\" data-id=\"6d2377c\" data-element_type=\"container\">\n\t\t\t\t<div class=\"elementor-element elementor-element-63bf9e4 elementor-view-stacked elementor-shape-rounded elementor-position-block-start elementor-mobile-position-block-start elementor-widget elementor-widget-icon-box\" data-id=\"63bf9e4\" data-element_type=\"widget\" data-widget_type=\"icon-box.default\">\n\t\t\t\t<div class=\"elementor-widget-container\">\n\t\t\t\t\t\t\t<div class=\"elementor-icon-box-wrapper\">\n\n\t\t\t\t\t\t<div class=\"elementor-icon-box-icon\">\n\t\t\t\t<a href=\"https:\/\/lapalmabiosfera.es\/\" target=\"_blank\" class=\"elementor-icon\" tabindex=\"-1\" aria-label=\"La Palma World Biosphere Reserve\">\n\t\t\t\t<svg aria-hidden=\"true\" class=\"e-font-icon-svg e-fas-external-link-alt\" viewBox=\"0 0 512 512\" xmlns=\"http:\/\/www.w3.org\/2000\/svg\"><path d=\"M432,320H400a16,16,0,0,0-16,16V448H64V128H208a16,16,0,0,0,16-16V80a16,16,0,0,0-16-16H48A48,48,0,0,0,0,112V464a48,48,0,0,0,48,48H400a48,48,0,0,0,48-48V336A16,16,0,0,0,432,320ZM488,0h-128c-21.37,0-32.05,25.91-17,41l35.73,35.73L135,320.37a24,24,0,0,0,0,34L157.67,377a24,24,0,0,0,34,0L435.28,133.32,471,169c15,15,41,4.5,41-17V24A24,24,0,0,0,488,0Z\"><\/path><\/svg>\t\t\t\t<\/a>\n\t\t\t<\/div>\n\t\t\t\n\t\t\t\t\t\t<div class=\"elementor-icon-box-content\">\n\n\t\t\t\t\t\t\t\t\t<h4 class=\"elementor-icon-box-title\">\n\t\t\t\t\t\t<a href=\"https:\/\/lapalmabiosfera.es\/\" target=\"_blank\" >\n\t\t\t\t\t\t\tLa Palma World Biosphere Reserve\t\t\t\t\t\t<\/a>\n\t\t\t\t\t<\/h4>\n\t\t\t\t\n\t\t\t\t\n\t\t\t<\/div>\n\t\t\t\n\t\t<\/div>\n\t\t\t\t\t\t<\/div>\n\t\t\t\t<\/div>\n\t\t\t\t<\/div>\n\t\t<div class=\"elementor-element elementor-element-52a534b e-con-full e-flex e-con e-child\" data-id=\"52a534b\" data-element_type=\"container\">\n\t\t\t\t<div class=\"elementor-element elementor-element-27ac542 elementor-view-stacked elementor-shape-rounded elementor-position-block-start elementor-mobile-position-block-start elementor-widget elementor-widget-icon-box\" data-id=\"27ac542\" data-element_type=\"widget\" data-widget_type=\"icon-box.default\">\n\t\t\t\t<div class=\"elementor-widget-container\">\n\t\t\t\t\t\t\t<div class=\"elementor-icon-box-wrapper\">\n\n\t\t\t\t\t\t<div class=\"elementor-icon-box-icon\">\n\t\t\t\t<a href=\"https:\/\/www.holaislascanarias.com\/espacios-naturales\/la-palma\/\" target=\"_blank\" class=\"elementor-icon\" tabindex=\"-1\" aria-label=\"Natural areas&lt;br&gt;of La Palma\">\n\t\t\t\t<svg aria-hidden=\"true\" class=\"e-font-icon-svg e-fas-external-link-alt\" viewBox=\"0 0 512 512\" xmlns=\"http:\/\/www.w3.org\/2000\/svg\"><path d=\"M432,320H400a16,16,0,0,0-16,16V448H64V128H208a16,16,0,0,0,16-16V80a16,16,0,0,0-16-16H48A48,48,0,0,0,0,112V464a48,48,0,0,0,48,48H400a48,48,0,0,0,48-48V336A16,16,0,0,0,432,320ZM488,0h-128c-21.37,0-32.05,25.91-17,41l35.73,35.73L135,320.37a24,24,0,0,0,0,34L157.67,377a24,24,0,0,0,34,0L435.28,133.32,471,169c15,15,41,4.5,41-17V24A24,24,0,0,0,488,0Z\"><\/path><\/svg>\t\t\t\t<\/a>\n\t\t\t<\/div>\n\t\t\t\n\t\t\t\t\t\t<div class=\"elementor-icon-box-content\">\n\n\t\t\t\t\t\t\t\t\t<h4 class=\"elementor-icon-box-title\">\n\t\t\t\t\t\t<a href=\"https:\/\/www.holaislascanarias.com\/espacios-naturales\/la-palma\/\" target=\"_blank\" >\n\t\t\t\t\t\t\tNatural areas<br>of La Palma\t\t\t\t\t\t<\/a>\n\t\t\t\t\t<\/h4>\n\t\t\t\t\n\t\t\t\t\n\t\t\t<\/div>\n\t\t\t\n\t\t<\/div>\n\t\t\t\t\t\t<\/div>\n\t\t\t\t<\/div>\n\t\t\t\t<\/div>\n\t\t\t\t\t<\/div>\n\t\t\t\t<\/div>\n\t\t\t\t<\/div>\n\t\t","protected":false},"excerpt":{"rendered":"<p>Sustainability Policy At LA PALMA BLUE, we are aware that, even though it is a temporary event, we can have an impact on the environment. That is why we have planned and developed it based on the values of sustainability, sharing our commitment to the Sustainable Development Goals (SDGs). Therefore, through this festival, we promote [&hellip;]<\/p>\n","protected":false},"author":1,"featured_media":0,"parent":0,"menu_order":0,"comment_status":"closed","ping_status":"closed","template":"","meta":{"footnotes":""},"class_list":["post-721","page","type-page","status-publish","hentry"],"yoast_head":"<!-- This site is optimized with the Yoast SEO plugin v26.7 - https:\/\/yoast.com\/wordpress\/plugins\/seo\/ -->\n<title>Sustainability - La Palma Blue Experience<\/title>\n<meta name=\"description\" content=\"Information page on Sustainability at La Palma Blue Experience\" \/>\n<meta name=\"robots\" content=\"index, follow, max-snippet:-1, max-image-preview:large, max-video-preview:-1\" \/>\n<link rel=\"canonical\" href=\"https:\/\/lapalmablueexperience.com\/de\/nachhaltigkeit\/\" \/>\n<meta property=\"og:locale\" content=\"en_US\" \/>\n<meta property=\"og:type\" content=\"article\" \/>\n<meta property=\"og:title\" content=\"Sustainability - La Palma Blue Experience\" \/>\n<meta property=\"og:description\" content=\"Information page on Sustainability at La Palma Blue Experience\" \/>\n<meta property=\"og:url\" content=\"https:\/\/lapalmablueexperience.com\/de\/nachhaltigkeit\/\" \/>\n<meta property=\"og:site_name\" content=\"La Palma Blue Experience\" \/>\n<meta property=\"article:publisher\" content=\"https:\/\/www.facebook.com\/p\/La-Palma-Blue-Experience-61554398215322\/\" \/>\n<meta property=\"article:modified_time\" content=\"2025-09-29T18:48:31+00:00\" \/>\n<meta property=\"og:image\" content=\"https:\/\/lapalmablueexperience.com\/wp-content\/uploads\/2025\/03\/LaPalmaBlueExperience_logo.png\" \/>\n\t<meta property=\"og:image:width\" content=\"1577\" \/>\n\t<meta property=\"og:image:height\" content=\"604\" \/>\n\t<meta property=\"og:image:type\" content=\"image\/png\" \/>\n<meta name=\"twitter:card\" content=\"summary_large_image\" \/>\n<meta name=\"twitter:label1\" content=\"Est. reading time\" \/>\n\t<meta name=\"twitter:data1\" content=\"2 minutes\" \/>\n<script type=\"application\/ld+json\" class=\"yoast-schema-graph\">{\"@context\":\"https:\/\/schema.org\",\"@graph\":[{\"@type\":\"WebPage\",\"@id\":\"https:\/\/lapalmablueexperience.com\/de\/nachhaltigkeit\/\",\"url\":\"https:\/\/lapalmablueexperience.com\/de\/nachhaltigkeit\/\",\"name\":\"Sustainability - La Palma Blue Experience\",\"isPartOf\":{\"@id\":\"https:\/\/lapalmablueexperience.com\/de\/#website\"},\"primaryImageOfPage\":{\"@id\":\"https:\/\/lapalmablueexperience.com\/de\/nachhaltigkeit\/#primaryimage\"},\"image\":{\"@id\":\"https:\/\/lapalmablueexperience.com\/de\/nachhaltigkeit\/#primaryimage\"},\"thumbnailUrl\":\"https:\/\/lapalmablueexperience.com\/wp-content\/uploads\/2025\/03\/LaPalmaBlueExperience_logo-300x115.png\",\"datePublished\":\"2025-03-15T19:45:01+00:00\",\"dateModified\":\"2025-09-29T18:48:31+00:00\",\"description\":\"Information page on Sustainability at La Palma Blue Experience\",\"breadcrumb\":{\"@id\":\"https:\/\/lapalmablueexperience.com\/de\/nachhaltigkeit\/#breadcrumb\"},\"inLanguage\":\"en-US\",\"potentialAction\":[{\"@type\":\"ReadAction\",\"target\":[\"https:\/\/lapalmablueexperience.com\/de\/nachhaltigkeit\/\"]}]},{\"@type\":\"ImageObject\",\"inLanguage\":\"en-US\",\"@id\":\"https:\/\/lapalmablueexperience.com\/de\/nachhaltigkeit\/#primaryimage\",\"url\":\"https:\/\/lapalmablueexperience.com\/wp-content\/uploads\/2025\/03\/LaPalmaBlueExperience_logo-300x115.png\",\"contentUrl\":\"https:\/\/lapalmablueexperience.com\/wp-content\/uploads\/2025\/03\/LaPalmaBlueExperience_logo-300x115.png\"},{\"@type\":\"BreadcrumbList\",\"@id\":\"https:\/\/lapalmablueexperience.com\/de\/nachhaltigkeit\/#breadcrumb\",\"itemListElement\":[{\"@type\":\"ListItem\",\"position\":1,\"name\":\"Portada\",\"item\":\"https:\/\/lapalmablueexperience.com\/en\/\"},{\"@type\":\"ListItem\",\"position\":2,\"name\":\"Sustainability\"}]},{\"@type\":\"WebSite\",\"@id\":\"https:\/\/lapalmablueexperience.com\/de\/#website\",\"url\":\"https:\/\/lapalmablueexperience.com\/de\/\",\"name\":\"La Palma Blue Experience\",\"description\":\"Festival musical de dos d\u00edas incluido dentro de la Fiesta de Inter\u00e9s Tur\u00edstico Nacional de la Bajada de la Virgen de las NTwo-day music festival included in the Festival of National Tourist Interest of the Bajada de la Virgen de las Nieves.ieves\",\"publisher\":{\"@id\":\"https:\/\/lapalmablueexperience.com\/de\/#organization\"},\"alternateName\":\"Lustral Fest\",\"potentialAction\":[{\"@type\":\"SearchAction\",\"target\":{\"@type\":\"EntryPoint\",\"urlTemplate\":\"https:\/\/lapalmablueexperience.com\/de\/?s={search_term_string}\"},\"query-input\":{\"@type\":\"PropertyValueSpecification\",\"valueRequired\":true,\"valueName\":\"search_term_string\"}}],\"inLanguage\":\"en-US\"},{\"@type\":\"Organization\",\"@id\":\"https:\/\/lapalmablueexperience.com\/de\/#organization\",\"name\":\"Sociedad de Promoci\u00f3n y Desarrollo Econ\u00f3mico y Social de La Palma\",\"alternateName\":\"SODEPAL\",\"url\":\"https:\/\/lapalmablueexperience.com\/de\/\",\"logo\":{\"@type\":\"ImageObject\",\"inLanguage\":\"en-US\",\"@id\":\"https:\/\/lapalmablueexperience.com\/de\/#\/schema\/logo\/image\/\",\"url\":\"https:\/\/lapalmablueexperience.com\/wp-content\/uploads\/2025\/03\/LPBE_favicon.jpg\",\"contentUrl\":\"https:\/\/lapalmablueexperience.com\/wp-content\/uploads\/2025\/03\/LPBE_favicon.jpg\",\"width\":1500,\"height\":1500,\"caption\":\"Sociedad de Promoci\u00f3n y Desarrollo Econ\u00f3mico y Social de La Palma\"},\"image\":{\"@id\":\"https:\/\/lapalmablueexperience.com\/de\/#\/schema\/logo\/image\/\"},\"sameAs\":[\"https:\/\/www.facebook.com\/p\/La-Palma-Blue-Experience-61554398215322\/\",\"https:\/\/www.instagram.com\/lapalmabluexperience\/\"]}]}<\/script>\n<!-- \/ Yoast SEO plugin. -->","yoast_head_json":{"title":"Sustainability - La Palma Blue Experience","description":"Information page on Sustainability at La Palma Blue Experience","robots":{"index":"index","follow":"follow","max-snippet":"max-snippet:-1","max-image-preview":"max-image-preview:large","max-video-preview":"max-video-preview:-1"},"canonical":"https:\/\/lapalmablueexperience.com\/de\/nachhaltigkeit\/","og_locale":"en_US","og_type":"article","og_title":"Sustainability - La Palma Blue Experience","og_description":"Information page on Sustainability at La Palma Blue Experience","og_url":"https:\/\/lapalmablueexperience.com\/de\/nachhaltigkeit\/","og_site_name":"La Palma Blue Experience","article_publisher":"https:\/\/www.facebook.com\/p\/La-Palma-Blue-Experience-61554398215322\/","article_modified_time":"2025-09-29T18:48:31+00:00","og_image":[{"width":1577,"height":604,"url":"https:\/\/lapalmablueexperience.com\/wp-content\/uploads\/2025\/03\/LaPalmaBlueExperience_logo.png","type":"image\/png"}],"twitter_card":"summary_large_image","twitter_misc":{"Est. reading time":"2 minutes"},"schema":{"@context":"https:\/\/schema.org","@graph":[{"@type":"WebPage","@id":"https:\/\/lapalmablueexperience.com\/de\/nachhaltigkeit\/","url":"https:\/\/lapalmablueexperience.com\/de\/nachhaltigkeit\/","name":"Sustainability - La Palma Blue Experience","isPartOf":{"@id":"https:\/\/lapalmablueexperience.com\/de\/#website"},"primaryImageOfPage":{"@id":"https:\/\/lapalmablueexperience.com\/de\/nachhaltigkeit\/#primaryimage"},"image":{"@id":"https:\/\/lapalmablueexperience.com\/de\/nachhaltigkeit\/#primaryimage"},"thumbnailUrl":"https:\/\/lapalmablueexperience.com\/wp-content\/uploads\/2025\/03\/LaPalmaBlueExperience_logo-300x115.png","datePublished":"2025-03-15T19:45:01+00:00","dateModified":"2025-09-29T18:48:31+00:00","description":"Information page on Sustainability at La Palma Blue Experience","breadcrumb":{"@id":"https:\/\/lapalmablueexperience.com\/de\/nachhaltigkeit\/#breadcrumb"},"inLanguage":"en-US","potentialAction":[{"@type":"ReadAction","target":["https:\/\/lapalmablueexperience.com\/de\/nachhaltigkeit\/"]}]},{"@type":"ImageObject","inLanguage":"en-US","@id":"https:\/\/lapalmablueexperience.com\/de\/nachhaltigkeit\/#primaryimage","url":"https:\/\/lapalmablueexperience.com\/wp-content\/uploads\/2025\/03\/LaPalmaBlueExperience_logo-300x115.png","contentUrl":"https:\/\/lapalmablueexperience.com\/wp-content\/uploads\/2025\/03\/LaPalmaBlueExperience_logo-300x115.png"},{"@type":"BreadcrumbList","@id":"https:\/\/lapalmablueexperience.com\/de\/nachhaltigkeit\/#breadcrumb","itemListElement":[{"@type":"ListItem","position":1,"name":"Portada","item":"https:\/\/lapalmablueexperience.com\/en\/"},{"@type":"ListItem","position":2,"name":"Sustainability"}]},{"@type":"WebSite","@id":"https:\/\/lapalmablueexperience.com\/de\/#website","url":"https:\/\/lapalmablueexperience.com\/de\/","name":"La Palma Blue Experience","description":"Festival musical de dos d\u00edas incluido dentro de la Fiesta de Inter\u00e9s Tur\u00edstico Nacional de la Bajada de la Virgen de las NTwo-day music festival included in the Festival of National Tourist Interest of the Bajada de la Virgen de las Nieves.ieves","publisher":{"@id":"https:\/\/lapalmablueexperience.com\/de\/#organization"},"alternateName":"Lustral Fest","potentialAction":[{"@type":"SearchAction","target":{"@type":"EntryPoint","urlTemplate":"https:\/\/lapalmablueexperience.com\/de\/?s={search_term_string}"},"query-input":{"@type":"PropertyValueSpecification","valueRequired":true,"valueName":"search_term_string"}}],"inLanguage":"en-US"},{"@type":"Organization","@id":"https:\/\/lapalmablueexperience.com\/de\/#organization","name":"Sociedad de Promoci\u00f3n y Desarrollo Econ\u00f3mico y Social de La Palma","alternateName":"SODEPAL","url":"https:\/\/lapalmablueexperience.com\/de\/","logo":{"@type":"ImageObject","inLanguage":"en-US","@id":"https:\/\/lapalmablueexperience.com\/de\/#\/schema\/logo\/image\/","url":"https:\/\/lapalmablueexperience.com\/wp-content\/uploads\/2025\/03\/LPBE_favicon.jpg","contentUrl":"https:\/\/lapalmablueexperience.com\/wp-content\/uploads\/2025\/03\/LPBE_favicon.jpg","width":1500,"height":1500,"caption":"Sociedad de Promoci\u00f3n y Desarrollo Econ\u00f3mico y Social de La Palma"},"image":{"@id":"https:\/\/lapalmablueexperience.com\/de\/#\/schema\/logo\/image\/"},"sameAs":["https:\/\/www.facebook.com\/p\/La-Palma-Blue-Experience-61554398215322\/","https:\/\/www.instagram.com\/lapalmabluexperience\/"]}]}},"_links":{"self":[{"href":"https:\/\/lapalmablueexperience.com\/en\/wp-json\/wp\/v2\/pages\/721","targetHints":{"allow":["GET"]}}],"collection":[{"href":"https:\/\/lapalmablueexperience.com\/en\/wp-json\/wp\/v2\/pages"}],"about":[{"href":"https:\/\/lapalmablueexperience.com\/en\/wp-json\/wp\/v2\/types\/page"}],"author":[{"embeddable":true,"href":"https:\/\/lapalmablueexperience.com\/en\/wp-json\/wp\/v2\/users\/1"}],"replies":[{"embeddable":true,"href":"https:\/\/lapalmablueexperience.com\/en\/wp-json\/wp\/v2\/comments?post=721"}],"version-history":[{"count":0,"href":"https:\/\/lapalmablueexperience.com\/en\/wp-json\/wp\/v2\/pages\/721\/revisions"}],"wp:attachment":[{"href":"https:\/\/lapalmablueexperience.com\/en\/wp-json\/wp\/v2\/media?parent=721"}],"curies":[{"name":"wp","href":"https:\/\/api.w.org\/{rel}","templated":true}]}}